{"id":2236,"date":"2021-09-27T20:39:14","date_gmt":"2021-09-27T20:39:14","guid":{"rendered":"https:\/\/burmese-cats.com\/?page_id=2236"},"modified":"2025-11-11T17:55:23","modified_gmt":"2025-11-11T17:55:23","slug":"our-males","status":"publish","type":"page","link":"https:\/\/burmese-cats.com\/fr\/our-males\/","title":{"rendered":"Nos M\u00e2les"},"content":{"rendered":"<div class=\"wpb-content-wrapper\"><p>[vc_row css=&#8221;.vc_custom_1633459768267{margin-top: -30px !important;}&#8221;][vc_column]<div class=\"cz_gap clr  hide_on_tablet hide_on_mobile\" style=\"height: 220px\"><\/div><div class=\"cz_gap show_on_tablet clr  show_only_tablet\" style=\"height: 50px\"><\/div><div class=\"cz_gap show_on_mobile clr\" style=\"height: 190px\"><\/div><div id=\"cz_27052\" class=\"cz_27052 cz_title clr cz_title_pos_inline tac\"><div class=\"cz_title_shape shape_text cz_shape_1\">OUR MALES<\/div><div class=\"cz_title_content\"><span class=\"cz_line_side_solo\">_<\/span><div class=\"cz_wpe_content\"><h1 style=\"text-align: center;\">Nos M\u00e2les<\/h1>\n<\/div><span class=\"cz_line_side_solo cz_line_side_after\" style=\"left:0px\">_<\/span><\/div><\/div><div class=\"cz_gap clr  hide_on_tablet hide_on_mobile\" style=\"height: 80px\"><\/div><div class=\"cz_gap show_on_tablet clr  show_only_tablet\" style=\"height: 50px\"><\/div><div class=\"cz_gap show_on_mobile clr\" style=\"height: 60px\"><\/div>[\/vc_column][\/vc_row][vc_row gap=&#8221;35&#8243;][vc_column offset=&#8221;vc_col-lg-6&#8243;]<div id=\"cz_50987\" data-position=\"top-right\" class=\"cz_50987 cz_image clr cz_image_no_fx center_on_mobile\"><div class=\"cz_svg_bg\" ><div class=\"cz_image_in\"><div class=\"cz_main_image\"><img fetchpriority=\"high\" loading=\"eager\" decoding=\"sync\" data-no-lazy=\"1\" width=\"613\" height=\"612\" src=\"https:\/\/burmese-cats.com\/wp-content\/uploads\/2023\/08\/Burmese-Cat-Royal-Esprit-Vacheron-Constantin.jpg\" class=\"attachment-full\" alt=\"Burmese cat\" title=\"Burmese-Cat-Royal Esprit-Vacheron Constantin\" srcset=\"https:\/\/burmese-cats.com\/wp-content\/uploads\/2023\/08\/Burmese-Cat-Royal-Esprit-Vacheron-Constantin.jpg 613w, https:\/\/burmese-cats.com\/wp-content\/uploads\/2023\/08\/Burmese-Cat-Royal-Esprit-Vacheron-Constantin-300x300.jpg 300w, https:\/\/burmese-cats.com\/wp-content\/uploads\/2023\/08\/Burmese-Cat-Royal-Esprit-Vacheron-Constantin-150x150.jpg 150w, https:\/\/burmese-cats.com\/wp-content\/uploads\/2023\/08\/Burmese-Cat-Royal-Esprit-Vacheron-Constantin-600x599.jpg 600w, https:\/\/burmese-cats.com\/wp-content\/uploads\/2023\/08\/Burmese-Cat-Royal-Esprit-Vacheron-Constantin-45x45.jpg 45w\" sizes=\"(max-width: 613px) 100vw, 613px\" loading=\"eager\" \/><\/div><\/div><\/div><\/div><div class=\"cz_gap clr  hide_on_tablet hide_on_mobile\" style=\"height: 0px\"><\/div><div class=\"cz_gap show_on_tablet clr  show_only_tablet\" style=\"height: 30px\"><\/div><div class=\"cz_gap show_on_mobile clr\" style=\"height: 30px\"><\/div>[\/vc_column][vc_column offset=&#8221;vc_col-lg-6&#8243;]<div class=\"cz_gap clr  hide_on_tablet hide_on_mobile\" style=\"height: 25px\"><\/div><div class=\"cz_gap show_on_tablet clr  show_only_tablet\" style=\"height: 0px\"><\/div><div class=\"cz_gap show_on_mobile clr\" style=\"height: 0px\"><\/div><div id=\"cz_29119\" class=\"cz_29119 cz_title clr cz_title_pos_inline\"><div class=\"cz_title_content\"><div class=\"cz_wpe_content\"><h4 style=\"text-align: left;\"><span style=\"color: #f28a19;\"><span style=\"color: #fffffe;\">MW23 IC<\/span>\u00a0Royal Esprit Vacheron Constantin <span style=\"color: #fffffe;\">JW<\/span><\/span><\/h4>\n<\/div><\/div><\/div><div class=\"cz_gap clr  hide_on_tablet hide_on_mobile\" style=\"height: 25px\"><\/div><div class=\"cz_gap show_on_tablet clr  show_only_tablet\" style=\"height: 15px\"><\/div><div class=\"cz_gap show_on_mobile clr\" style=\"height: 25px\"><\/div><div id=\"cz_28191\" class=\"cz_28191 cz_title clr cz_title_pos_inline\"><div class=\"cz_title_content\"><div class=\"cz_wpe_content\"><p>Nous sommes fiers de vous pr\u00e9senter notre magnifique chat Burmese au temp\u00e9rament exceptionnel et au c\u0153ur plein d&#8217;amour &#8211; MW23 IC Royal Esprit Vacheron Constantin JW, n\u00e9 dans notre chatterie. Malgr\u00e9 son jeune \u00e2ge, Vacheron a d\u00e9j\u00e0 remport\u00e9 les titres prestigieux de MEDITERRANEAN WINNER et de Junior Winner, ainsi que le titre de Champion International, ayant remport\u00e9 plusieurs fois le prix Best in Show dans sa cat\u00e9gorie lors des expositions. De plus, il a \u00e9t\u00e9 reconnu non seulement comme le meilleur de sa cat\u00e9gorie, mais aussi comme le meilleur chat parmi tous les participants lors de prestigieuses expositions internationales, remportant le prix Best of Best. Ses succ\u00e8s parlent d&#8217;eux-m\u00eames, mettant en lumi\u00e8re son potentiel et ses qualit\u00e9s exceptionnelles.<\/p>\n<\/div><\/div><\/div><div class=\"cz_gap clr  hide_on_tablet hide_on_mobile\" style=\"height: 10px\"><\/div><div class=\"cz_gap show_on_tablet clr  show_only_tablet\" style=\"height: 10px\"><\/div><div class=\"cz_gap show_on_mobile clr\" style=\"height: 10px\"><\/div><div id=\"cz_69703\" class=\"cz_69703 cz_title clr cz_title_pos_inline\"><div class=\"cz_title_content\"><div class=\"cz_wpe_content\"><h5 style=\"text-align: left;\"><span style=\"color: #cfcfcf;\"><span style=\"color: #f28a19;\">TITRES:<\/span> Mediterranean Winner 23, Inter Champion, Junior Winner (FIFe)<\/span><\/h5>\n<\/div><\/div><\/div><div class=\"cz_gap clr  hide_on_tablet hide_on_mobile\" style=\"height: 10px\"><\/div><div class=\"cz_gap show_on_tablet clr  show_only_tablet\" style=\"height: 10px\"><\/div><div class=\"cz_gap show_on_mobile clr\" style=\"height: 10px\"><\/div><div id=\"cz_21850\" class=\"cz_21850 cz_title clr cz_title_pos_inline\"><div class=\"cz_title_content\"><div class=\"cz_wpe_content\"><h5 style=\"text-align: left;\"><span style=\"color: #cfcfcf;\"><span style=\"color: #f28a19;\">ANNIVERSAIRE:<\/span> 28.10.2022<\/span><\/h5>\n<\/div><\/div><\/div><div class=\"cz_gap clr  hide_on_tablet hide_on_mobile\" style=\"height: 10px\"><\/div><div class=\"cz_gap show_on_tablet clr  show_only_tablet\" style=\"height: 10px\"><\/div><div class=\"cz_gap show_on_mobile clr\" style=\"height: 10px\"><\/div><div id=\"cz_102659\" class=\"cz_102659 cz_title clr cz_title_pos_inline\"><div class=\"cz_title_content\"><div class=\"cz_wpe_content\"><h5 style=\"text-align: left;\"><span style=\"color: #cfcfcf;\"><span style=\"color: #f28a19;\">COULEUR:<\/span> Chocolate (BUR <span style=\"text-transform: lowercase;\">b<\/span>)<\/span><\/h5>\n<\/div><\/div><\/div><div class=\"cz_gap clr  hide_on_tablet hide_on_mobile\" style=\"height: 10px\"><\/div><div class=\"cz_gap show_on_tablet clr  show_only_tablet\" style=\"height: 10px\"><\/div><div class=\"cz_gap show_on_mobile clr\" style=\"height: 10px\"><\/div><div id=\"cz_77653\" class=\"cz_77653 cz_title clr cz_title_pos_inline\"><div class=\"cz_title_content\"><div class=\"cz_wpe_content\"><h5><span style=\"color: #ff8c00;\">CARRI\u00c8RE:<\/span><\/h5>\n<\/div><\/div><\/div>[vc_column_text]<\/p>\n<ul>\n<li><span style=\"color: #cfcfcf;\">Mediterranean Winner \u2013 1 fois<\/span><\/li>\n<li><span style=\"color: #cfcfcf;\">Best of Best 1 \u2013 5 fois<\/span><\/li>\n<li><span style=\"color: #cfcfcf;\">Best of Best 2 \u2013 1 fois<\/span><\/li>\n<li><span style=\"color: #cfcfcf;\">Best in Show (BIS) \u2013 9 fois<\/span><\/li>\n<li><span style=\"color: #cfcfcf;\">Best of Category \u2013 7 fois<\/span><\/li>\n<\/ul>\n<p>[\/vc_column_text][\/vc_column][\/vc_row][vc_row][vc_column]<div class=\"cz_gap clr  hide_on_tablet hide_on_mobile\" style=\"height: 80px\"><\/div><div class=\"cz_gap show_on_tablet clr  show_only_tablet\" style=\"height: 30px\"><\/div><div class=\"cz_gap show_on_mobile clr\" style=\"height: 30px\"><\/div>[\/vc_column][\/vc_row][vc_row gap=&#8221;35&#8243;][vc_column offset=&#8221;vc_col-lg-6&#8243;]<div id=\"cz_32422\" data-position=\"top-right\" class=\"cz_32422 cz_image clr cz_image_no_fx center_on_mobile\"><div class=\"cz_svg_bg\" ><div class=\"cz_image_in\"><div class=\"cz_main_image\"><img decoding=\"async\" width=\"688\" height=\"688\" src=\"https:\/\/burmese-cats.com\/wp-content\/uploads\/2023\/08\/Orange-Power-burmese-cat.jpg\" class=\"attachment-full\" alt=\"Burmese cat\" title=\"Orange Power burmese cat\" srcset=\"https:\/\/burmese-cats.com\/wp-content\/uploads\/2023\/08\/Orange-Power-burmese-cat.jpg 688w, https:\/\/burmese-cats.com\/wp-content\/uploads\/2023\/08\/Orange-Power-burmese-cat-300x300.jpg 300w, https:\/\/burmese-cats.com\/wp-content\/uploads\/2023\/08\/Orange-Power-burmese-cat-150x150.jpg 150w, https:\/\/burmese-cats.com\/wp-content\/uploads\/2023\/08\/Orange-Power-burmese-cat-600x600.jpg 600w, https:\/\/burmese-cats.com\/wp-content\/uploads\/2023\/08\/Orange-Power-burmese-cat-45x45.jpg 45w\" sizes=\"auto, (max-width: 688px) 100vw, 688px\" loading=\"lazy\" \/><\/div><\/div><\/div><\/div><div class=\"cz_gap clr  hide_on_tablet hide_on_mobile\" style=\"height: 0px\"><\/div><div class=\"cz_gap show_on_tablet clr  show_only_tablet\" style=\"height: 30px\"><\/div><div class=\"cz_gap show_on_mobile clr\" style=\"height: 30px\"><\/div>[\/vc_column][vc_column offset=&#8221;vc_col-lg-6&#8243;]<div class=\"cz_gap clr  hide_on_tablet hide_on_mobile\" style=\"height: 25px\"><\/div><div class=\"cz_gap show_on_tablet clr  show_only_tablet\" style=\"height: 0px\"><\/div><div class=\"cz_gap show_on_mobile clr\" style=\"height: 0px\"><\/div><div id=\"cz_33137\" class=\"cz_33137 cz_title clr cz_title_pos_inline\"><div class=\"cz_title_content\"><div class=\"cz_wpe_content\"><h4 style=\"text-align: left;\"><span style=\"color: #f28a19;\"><span style=\"color: #fffffe;\">GIC<\/span> Royal Esprit Orange Power <span style=\"color: #fffffe;\">JW<\/span><\/span><\/h4>\n<\/div><\/div><\/div><div class=\"cz_gap clr  hide_on_tablet hide_on_mobile\" style=\"height: 25px\"><\/div><div class=\"cz_gap show_on_tablet clr  show_only_tablet\" style=\"height: 15px\"><\/div><div class=\"cz_gap show_on_mobile clr\" style=\"height: 25px\"><\/div><div id=\"cz_26317\" class=\"cz_26317 cz_title clr cz_title_pos_inline\"><div class=\"cz_title_content\"><div class=\"cz_wpe_content\"><p>GIC Royal Esprit Orange Power JW, notre charmant Burmese, est n\u00e9 dans notre chatterie de parents qui sont d&#8217;\u00e9minents repr\u00e9sentants de la race. Il poss\u00e8de un temp\u00e9rament qu&#8217;il est impossible de ne pas aimer, et il est devenu une partie int\u00e9grante de notre famille. Ses succ\u00e8s en exposition, incluant une nomination pour le prestigieux titre de World Winner au World Cat Show 2022 en Belgique, parlent d&#8217;eux-m\u00eames, soulignant son potentiel et ses excellentes qualit\u00e9s.<\/p>\n<\/div><\/div><\/div><div class=\"cz_gap clr  hide_on_tablet hide_on_mobile\" style=\"height: 25px\"><\/div><div class=\"cz_gap show_on_tablet clr  show_only_tablet\" style=\"height: 25px\"><\/div><div class=\"cz_gap show_on_mobile clr\" style=\"height: 25px\"><\/div><div id=\"cz_58319\" class=\"cz_58319 cz_title clr cz_title_pos_inline\"><div class=\"cz_title_content\"><div class=\"cz_wpe_content\"><h5 style=\"text-align: left;\"><span style=\"color: #cfcfcf;\"><span style=\"color: #f28a19;\">TITRES:<\/span> Grand International Champion, Junior Winner (FIFe)<\/span><\/h5>\n<\/div><\/div><\/div><div class=\"cz_gap clr  hide_on_tablet hide_on_mobile\" style=\"height: 10px\"><\/div><div class=\"cz_gap show_on_tablet clr  show_only_tablet\" style=\"height: 10px\"><\/div><div class=\"cz_gap show_on_mobile clr\" style=\"height: 10px\"><\/div><div id=\"cz_50639\" class=\"cz_50639 cz_title clr cz_title_pos_inline\"><div class=\"cz_title_content\"><div class=\"cz_wpe_content\"><h5 style=\"text-align: left;\"><span style=\"color: #cfcfcf;\"><span style=\"color: #f28a19;\">ANNIVERSAIRE:<\/span> 29.07.2021<\/span><\/h5>\n<\/div><\/div><\/div><div class=\"cz_gap clr  hide_on_tablet hide_on_mobile\" style=\"height: 10px\"><\/div><div class=\"cz_gap show_on_tablet clr  show_only_tablet\" style=\"height: 10px\"><\/div><div class=\"cz_gap show_on_mobile clr\" style=\"height: 10px\"><\/div><div id=\"cz_99494\" class=\"cz_99494 cz_title clr cz_title_pos_inline\"><div class=\"cz_title_content\"><div class=\"cz_wpe_content\"><h5 style=\"text-align: left;\"><span style=\"color: #cfcfcf;\"><span style=\"color: #f28a19;\">COULEUR:<\/span> Red (BUR <span style=\"text-transform: lowercase;\">d<\/span>)<\/span><\/h5>\n<\/div><\/div><\/div><div class=\"cz_gap clr  hide_on_tablet hide_on_mobile\" style=\"height: 10px\"><\/div><div class=\"cz_gap show_on_tablet clr  show_only_tablet\" style=\"height: 10px\"><\/div><div class=\"cz_gap show_on_mobile clr\" style=\"height: 10px\"><\/div><div id=\"cz_30156\" class=\"cz_30156 cz_title clr cz_title_pos_inline\"><div class=\"cz_title_content\"><div class=\"cz_wpe_content\"><h5><span style=\"color: #f28a19;\">CARRI\u00c8RE:<\/span><\/h5>\n<\/div><\/div><\/div>[vc_column_text]<\/p>\n<ul>\n<li><span style=\"color: #cfcfcf;\">Best of Best 1 &#8211; 1 fois<\/span><\/li>\n<li><span style=\"color: #cfcfcf;\">Best of Best 2 &#8211; 3 fois<\/span><\/li>\n<li><span style=\"color: #cfcfcf;\">Best in Show (BIS) \u2013 10 fois<\/span><\/li>\n<li><span style=\"color: #cfcfcf;\">Nomination for BIS &#8211; 17 fois<\/span><\/li>\n<li><span style=\"color: #cfcfcf;\">Nomination for World Winner (FIFe World Show 2022)<\/span><\/li>\n<\/ul>\n<p>[\/vc_column_text][\/vc_column][\/vc_row][vc_row][vc_column]<div class=\"cz_gap clr  hide_on_tablet hide_on_mobile\" style=\"height: 80px\"><\/div><div class=\"cz_gap show_on_tablet clr  show_only_tablet\" style=\"height: 30px\"><\/div><div class=\"cz_gap show_on_mobile clr\" style=\"height: 30px\"><\/div>[\/vc_column][\/vc_row][vc_row gap=&#8221;35&#8243;][vc_column offset=&#8221;vc_col-lg-6&#8243;]<div id=\"cz_82307\" data-position=\"top-right\" class=\"cz_82307 cz_image clr cz_image_no_fx center_on_mobile\"><div class=\"cz_svg_bg\" ><div class=\"cz_image_in\"><div class=\"cz_main_image\"><img decoding=\"async\" width=\"1200\" height=\"1201\" src=\"https:\/\/burmese-cats.com\/wp-content\/uploads\/2025\/07\/Sabokah-Cookie-Fuddpukka.jpg\" class=\"attachment-full\" alt=\"Sabokah Cookie Fuddpukka\" srcset=\"https:\/\/burmese-cats.com\/wp-content\/uploads\/2025\/07\/Sabokah-Cookie-Fuddpukka.jpg 1200w, https:\/\/burmese-cats.com\/wp-content\/uploads\/2025\/07\/Sabokah-Cookie-Fuddpukka-300x300.jpg 300w, https:\/\/burmese-cats.com\/wp-content\/uploads\/2025\/07\/Sabokah-Cookie-Fuddpukka-1024x1024.jpg 1024w, https:\/\/burmese-cats.com\/wp-content\/uploads\/2025\/07\/Sabokah-Cookie-Fuddpukka-150x150.jpg 150w, https:\/\/burmese-cats.com\/wp-content\/uploads\/2025\/07\/Sabokah-Cookie-Fuddpukka-768x769.jpg 768w, https:\/\/burmese-cats.com\/wp-content\/uploads\/2025\/07\/Sabokah-Cookie-Fuddpukka-600x601.jpg 600w, https:\/\/burmese-cats.com\/wp-content\/uploads\/2025\/07\/Sabokah-Cookie-Fuddpukka-45x45.jpg 45w\" sizes=\"auto, (max-width: 1200px) 100vw, 1200px\" loading=\"lazy\" \/><\/div><\/div><\/div><\/div><div class=\"cz_gap clr  hide_on_tablet hide_on_mobile\" style=\"height: 0px\"><\/div><div class=\"cz_gap show_on_tablet clr  show_only_tablet\" style=\"height: 30px\"><\/div><div class=\"cz_gap show_on_mobile clr\" style=\"height: 30px\"><\/div>[\/vc_column][vc_column offset=&#8221;vc_col-lg-6&#8243;]<div class=\"cz_gap clr  hide_on_tablet hide_on_mobile\" style=\"height: 25px\"><\/div><div class=\"cz_gap show_on_tablet clr  show_only_tablet\" style=\"height: 0px\"><\/div><div class=\"cz_gap show_on_mobile clr\" style=\"height: 0px\"><\/div><div id=\"cz_44374\" class=\"cz_44374 cz_title clr cz_title_pos_inline\"><div class=\"cz_title_content\"><div class=\"cz_wpe_content\"><h4 style=\"text-align: left;\"><span style=\"color: #f28a19;\">Sabokah Cookie Fuddpukka<\/span><\/h4>\n<\/div><\/div><\/div><div class=\"cz_gap clr  hide_on_tablet hide_on_mobile\" style=\"height: 25px\"><\/div><div class=\"cz_gap show_on_tablet clr  show_only_tablet\" style=\"height: 15px\"><\/div><div class=\"cz_gap show_on_mobile clr\" style=\"height: 25px\"><\/div><div id=\"cz_96208\" class=\"cz_96208 cz_title clr cz_title_pos_inline\"><div class=\"cz_title_content\"><div class=\"cz_wpe_content\"><p class=\"p1\"><span class=\"s1\"><b>Sabokah Cookie Fuddpukka<\/b><\/span>, charmant m\u00e2le Burmese \u00e0 la silhouette \u00e9quilibr\u00e9e, nous vient de Nouvelle-Z\u00e9lande et constitue un pr\u00e9cieux atout pour notre programme d\u2019\u00e9levage. N\u00e9 dans l\u2019\u00e9levage renomm\u00e9 Sabokah, il se distingue par son type remarquable, son temp\u00e9rament doux et son solide bagage g\u00e9n\u00e9tique. Nous sommes convaincus que Cookie enrichira le patrimoine g\u00e9n\u00e9tique de notre chatterie avec des chatons en bonne sant\u00e9 et d\u2019une grande beaut\u00e9, perp\u00e9tuant ainsi la tradition d\u2019excellence.<\/p>\n<\/div><\/div><\/div><div class=\"cz_gap clr  hide_on_tablet hide_on_mobile\" style=\"height: 25px\"><\/div><div class=\"cz_gap show_on_tablet clr  show_only_tablet\" style=\"height: 25px\"><\/div><div class=\"cz_gap show_on_mobile clr\" style=\"height: 25px\"><\/div><div id=\"cz_103247\" class=\"cz_103247 cz_title clr cz_title_pos_inline\"><div class=\"cz_title_content\"><div class=\"cz_wpe_content\"><h5 style=\"text-align: left;\"><span style=\"color: #cfcfcf;\"><span style=\"color: #f28a19;\">TITRES:<\/span> Grand International Champion (WCF)<\/span><\/h5>\n<\/div><\/div><\/div><div class=\"cz_gap clr  hide_on_tablet hide_on_mobile\" style=\"height: 10px\"><\/div><div class=\"cz_gap show_on_tablet clr  show_only_tablet\" style=\"height: 10px\"><\/div><div class=\"cz_gap show_on_mobile clr\" style=\"height: 10px\"><\/div><div id=\"cz_36092\" class=\"cz_36092 cz_title clr cz_title_pos_inline\"><div class=\"cz_title_content\"><div class=\"cz_wpe_content\"><h5 style=\"text-align: left;\"><span style=\"color: #cfcfcf;\"><span style=\"color: #f28a19;\">COULEUR:<\/span> Chocolate (BUR <span style=\"text-transform: lowercase;\">b<\/span>)<\/span><\/h5>\n<\/div><\/div><\/div><div class=\"cz_gap clr  hide_on_tablet hide_on_mobile\" style=\"height: 10px\"><\/div><div class=\"cz_gap show_on_tablet clr  show_only_tablet\" style=\"height: 10px\"><\/div><div class=\"cz_gap show_on_mobile clr\" style=\"height: 10px\"><\/div>[\/vc_column][\/vc_row][vc_row][vc_column]<div class=\"cz_gap clr  hide_on_tablet hide_on_mobile\" style=\"height: 30px\"><\/div><div class=\"cz_gap show_on_tablet clr  show_only_tablet\" style=\"height: 0px\"><\/div><div class=\"cz_gap show_on_mobile clr\" style=\"height: 0px\"><\/div>[\/vc_column][\/vc_row]<\/p>\n<\/div>","protected":false},"excerpt":{"rendered":"<p>[vc_row css=&#8221;.vc_custom_1633459768267{margin-top: -30px !important;}&#8221;][vc_column][\/vc_column][\/vc_row][vc_row gap=&#8221;35&#8243;][vc_column offset=&#8221;vc_col-lg-6&#8243;][\/vc_column][vc_column offset=&#8221;vc_col-lg-6&#8243;][vc_column_text] Mediterranean Winner \u2013 1 &#8230; <\/p>\n","protected":false},"author":1,"featured_media":0,"parent":0,"menu_order":0,"comment_status":"closed","ping_status":"closed","template":"","meta":{"footnotes":""},"class_list":["post-2236","page","type-page","status-publish","hentry"],"translation":{"provider":"WPGlobus","version":"3.0.2","language":"fr","enabled_languages":["en","de","fr"],"languages":{"en":{"title":true,"content":true,"excerpt":false},"de":{"title":true,"content":true,"excerpt":false},"fr":{"title":true,"content":true,"excerpt":false}}},"_links":{"self":[{"href":"https:\/\/burmese-cats.com\/fr\/wp-json\/wp\/v2\/pages\/2236","targetHints":{"allow":["GET"]}}],"collection":[{"href":"https:\/\/burmese-cats.com\/fr\/wp-json\/wp\/v2\/pages"}],"about":[{"href":"https:\/\/burmese-cats.com\/fr\/wp-json\/wp\/v2\/types\/page"}],"author":[{"embeddable":true,"href":"https:\/\/burmese-cats.com\/fr\/wp-json\/wp\/v2\/users\/1"}],"replies":[{"embeddable":true,"href":"https:\/\/burmese-cats.com\/fr\/wp-json\/wp\/v2\/comments?post=2236"}],"version-history":[{"count":17,"href":"https:\/\/burmese-cats.com\/fr\/wp-json\/wp\/v2\/pages\/2236\/revisions"}],"predecessor-version":[{"id":8277,"href":"https:\/\/burmese-cats.com\/fr\/wp-json\/wp\/v2\/pages\/2236\/revisions\/8277"}],"wp:attachment":[{"href":"https:\/\/burmese-cats.com\/fr\/wp-json\/wp\/v2\/media?parent=2236"}],"curies":[{"name":"wp","href":"https:\/\/api.w.org\/{rel}","templated":true}]}}