{"id":3390,"date":"2023-02-12T18:55:29","date_gmt":"2023-02-12T18:55:29","guid":{"rendered":"https:\/\/burmese-cats.com\/?page_id=3390"},"modified":"2023-11-12T21:13:13","modified_gmt":"2023-11-12T21:13:13","slug":"burmese-cats-color-calculator","status":"publish","type":"page","link":"https:\/\/burmese-cats.com\/de\/burmese-cats-color-calculator\/","title":{"rendered":"Burma Katzenfarben Rechner"},"content":{"rendered":"<div class=\"wpb-content-wrapper\"><p>[vc_row][vc_column]<div class=\"cz_gap clr  hide_on_tablet hide_on_mobile\" style=\"height: 150px\"><\/div><div class=\"cz_gap show_on_tablet clr  show_only_tablet\" style=\"height: 100px\"><\/div><div class=\"cz_gap show_on_mobile clr\" style=\"height: 100px\"><\/div>[vc_column_text]<\/p>\n<h1 style=\"background-color: transparent; color: #ff8c00; text-align: center;\">Burmesen-Katzen-<span style=\"color: #eff0f4;\">Farben-Rechner<\/span><\/h1>\n<p>[\/vc_column_text][vc_column_text]<\/p>\n<p style=\"text-align: center;\">F\u00fcr ein besseres Verst\u00e4ndnis der Farben von Burmesen-Katzen, nutzen Sie unseren Burmesen-Katzen-Farben-Rechner. Dieses Tool erm\u00f6glicht Z\u00fcchtern und Katzenliebhabern, die Farbe des Nachwuchses basierend auf dem genetischen Makeup der Eltern vorherzusagen.<\/p>\n<p>[\/vc_column_text]<div class=\"cz_gap clr  hide_on_tablet hide_on_mobile\" style=\"height: 10px\"><\/div><div class=\"cz_gap show_on_tablet clr  show_only_tablet\" style=\"height: 10px\"><\/div><div class=\"cz_gap show_on_mobile clr\" style=\"height: 10px\"><\/div>[vc_text_separator title=&#8220;&#8220; i_icon_fontawesome=&#8220;fas fa-calculator&#8220; i_color=&#8220;custom&#8220; color=&#8220;custom&#8220; style=&#8220;shadow&#8220; el_width=&#8220;80&#8243; add_icon=&#8220;true&#8220; i_custom_color=&#8220;#ff8c00&#8243; accent_color=&#8220;#ffffff&#8220;][vc_column_text]<\/p>\n<p style=\"text-align: center;\">Geben Sie die Farbe f\u00fcr Vater und Mutter der K\u00e4tzchen ein, setzen Sie die entsprechenden H\u00e4kchen f\u00fcr die verd\u00fcnnten Faktoren und klicken Sie auf die Schaltfl\u00e4che Berechnen!&#8220;<\/p>\n<p>[\/vc_column_text][\/vc_column][\/vc_row][vc_row css=&#8220;.vc_custom_1676325963452{border-top-width: 1px !important;border-right-width: 1px !important;border-bottom-width: 1px !important;border-left-width: 1px !important;background-color: #221506 !important;border-left-color: #ff8c00 !important;border-left-style: solid !important;border-right-color: #ff8c00 !important;border-right-style: solid !important;border-top-color: #ff8c00 !important;border-top-style: solid !important;border-bottom-color: #ff8c00 !important;border-bottom-style: solid !important;border-radius: 10px !important;}&#8220;][vc_column][vc_column_text]<!DOCTYPE html>\n<html>\n<head>\n<meta http-equiv=\"Content-Type\" content=\"text\/html; charset=utf-8\" \/>\n<meta name=\"viewport\" content=\"width=device-width, initial-scale=1\">\n<title>Burmese Cat Color Calculator<\/title>\n<style type=\"text\/css\">\t\n\t.table {\n\t\tdisplay: flex;\n\t\tflex-wrap: wrap;\n\t\tjustify-content: center;\n\t\talign-items: center;\n\t\tmargin: 0 auto;\n\t}\n\n\t.form-group {\n\t\tdisplay: flex;\n\t\tflex-direction: column;\n\t\twidth: 100%;\n\t\tmax-width: 180px;\n\t\tmargin: 10px;\n\t}\n\n\t.form-group label {\n\t\tmargin-bottom: 5px;\n\t}\n\n\tselect {\n\t\twidth: 100%;\n\t\tpadding: 5px;\n\t\tfont-size: 16px;\n\t\tborder-radius: 5px;\n\t\tborder: 1px solid #ff8c00;\n\t}\n\n\t.checkbox {\n\t\tdisplay: flex;\n\t\talign-items: center;\n\t\tmargin: 0 0 10px;\n\t}\n\n\t.checkbox label {\n\t\tmargin-left: 3px;\n\t\tfont-size: 15px;\n\t}\n\n\t.button3 {\n\t\tdisplay: inline-block;\n\t\tpadding: 12px 20px;\n\t\tbackground-color: #ff8c00;\n\t\tcolor: #fff;\n\t\tborder: none;\n\t\tborder-radius: 5px;\n\t\tfont-size: 16px;\n\t\tfont-weight: bold;\n\t\ttext-align: center;\n\t\ttext-decoration: none;\n\t\tcursor: pointer;\n\t}\n\n\ttextarea {\n\t\twidth: 100%;\n\t\tmax-width: 550px;\n\t\theight: 300px;\n\t\tmargin: 10px 0;\n\t\tmargin-top: 35px;\n\t\tpadding: 5px;\n\t\tpadding-left: 10px;\n\t\tfont-size: 16px;\n\t\tborder-radius: 5px;\n\t\tborder: 1px solid #ccc;\n\t\tresize: none;\n\t}\n<\/style>\t\n<\/head>\n<body>\n\t<div id=\"wrap\" style=\"margin-top: 20px; text-align: center;\">\n\t\t<!--<h1 style=\"color: #bb874b\"; >Burmese Cat Color Calculator<\/h1>-->\n\t\t<div style=\"margin-top: 30px;\">\n\t\t\t<form name=\"ColorTable\" action=\"get\" id=\"two\">\n\t\t\t\t<div class=\"table\">\n\t\t\t\t\t<div class=\"form-group\">\n\t\t\t\t\t\t<label>Father:<\/label>\n\t\t\t\t\t\t<select name=\"sire\" onChange=\"FatherColor()\">\n\t\t\t\t\t\t\t<option value=\"Brown\">Brown<\/option>\n\t\t\t\t\t\t\t<option value=\"Blue\">Blue<\/option>\n\t\t\t\t\t\t\t<option value=\"Chocolate\">Chocolate<\/option>\n\t\t\t\t\t\t\t<option value=\"Lilac\">Lilac<\/option>\n\t\t\t\t\t\t\t<option value=\"Red\">Red(brown based)<\/option>\n\t\t\t\t\t\t\t<option value=\"Red(bbDD)\">Red(choc based)<\/option>\n\t\t\t\t\t\t\t<option value=\"Cream\">Cream(blue based)<\/option>\n\t\t\t\t\t\t\t<option value=\"Cream(bbdd)\">Cream(lilac based)<\/option>\n\t\t\t\t\t\t<\/select>\n\t\t\t\t\t<\/div>\n\t\t\t\t\t<div class=\"form-group\">\n\t\t\t\t\t\t<div class=\"checkbox\">\n\t\t\t\t\t\t\t<input type=\"checkbox\" name=\"SCarryBlue\" value=\"ON\"\/>\n\t\t\t\t\t\t\t<label>Carries blue (d)<\/label>\n\t\t\t\t\t\t<\/div>\n\t\t\t\t\t\t<div class=\"checkbox\">\n\t\t\t\t\t\t\t<input type=\"checkbox\" name=\"SCarryChoc\" value=\"ON\"\/>\n\t\t\t\t\t\t\t<label>Carries chocolate (b)<\/label>\n\t\t\t\t\t\t<\/div>\n\t\t\t\t\t<\/div>\n\t\t\t\t\t<div class=\"form-group\">\n\t\t\t\t\t\t<label>Mother:<\/label>\n\t\t\t\t\t\t<select name=\"queen\" onChange=\"MotherColor()\">\n\t\t\t\t\t\t\t<option value=\"Brown\">Brown<\/option>\n\t\t\t\t\t\t\t<option value=\"Blue\">Blue<\/option>\n\t\t\t\t\t\t\t<option value=\"Chocolate\">Chocolate<\/option>\n\t\t\t\t\t\t\t<option value=\"Lilac\">Lilac<\/option>\n\t\t\t\t\t\t\t<option value=\"Red\">Red(brown based)<\/option>\n\t\t\t\t\t\t\t<option value=\"Red(bbDD)\">Red(choc based)<\/option>\n\t\t\t\t\t\t\t<option value=\"Cream\">Cream(blue based)<\/option>\n\t\t\t\t\t\t\t<option value=\"Cream(bbdd)\">Cream(lilac based)<\/option>\n\t\t\t\t\t\t\t<option value=\"Brown tortie\">Brown tortie<\/option>\n\t\t\t\t\t\t\t<option value=\"Blue tortie\">Blue tortie<\/option>\n\t\t\t\t\t\t\t<option value=\"Choc tortie\">Choc tortie<\/option>\n\t\t\t\t\t\t\t<option value=\"Lilac tortie\">Lilac tortie<\/option>\n\t\t\t\t\t\t<\/select>\n\t\t\t\t\t<\/div>\n\t\t\t\t\t<div class=\"form-group\">\n\t\t\t\t\t\t<div class=\"checkbox\">\n\t\t\t\t\t\t\t<input type=\"checkbox\" name=\"QCarryBlue\" value=\"ON\"\/>\n\t\t\t\t\t\t\t<label>Carries blue (d)<\/label>\n\t\t\t\t\t\t<\/div>\n\t\t\t\t\t\t<div class=\"checkbox\">\n\t\t\t\t\t\t\t<input type=\"checkbox\" name=\"QCarryChoc\" value=\"ON\"\/>\n\t\t\t\t\t\t\t<label>Carries chocolate (b)<\/label>\n\t\t\t\t\t\t<\/div>\n\t\t\t\t\t<\/div>\n\t\t\t\t\t<div class=\"form-group\">\n\t\t\t\t\t\t<input type=\"button\" value=\"Calculate!\" onClick=\"calc()\" class=\"button3\" \/>\n\t\t\t\t\t<\/div>\n\t\t\t\t<\/div>\n\t        \t<textarea name=\"Results\" rows=\"12\" cols=\"55\">\nThe results will show in this textbox.\n\n\t\t\t\t<\/textarea>\n\t\t\t<\/form>\n\t\t<\/div>\n\t<\/div>\n<\/body>\n<\/html>[\/vc_column_text]<div class=\"cz_gap clr  hide_on_tablet hide_on_mobile\" style=\"height: 30px\"><\/div><div class=\"cz_gap show_on_tablet clr  show_only_tablet\" style=\"height: 30px\"><\/div><div class=\"cz_gap show_on_mobile clr\" style=\"height: 30px\"><\/div>[\/vc_column][\/vc_row][vc_row][vc_column]<div class=\"cz_gap clr  hide_on_tablet hide_on_mobile\" style=\"height: 50px\"><\/div><div class=\"cz_gap show_on_tablet clr  show_only_tablet\" style=\"height: 50px\"><\/div><div class=\"cz_gap show_on_mobile clr\" style=\"height: 50px\"><\/div>[vc_column_text]<\/p>\n<h1 style=\"background-color: transparent; color: #eff0f4; text-align: center;\">Farbgenetik der\u00a0<span style=\"color: #ff8c00;\">Burma-Katzen<\/span><\/h1>\n<p>[\/vc_column_text]<div class=\"relative\"><div id=\"cz_27613\" class=\"cz_sep2 cz_sep2_14 cz_sep_top relative\"><svg preserveAspectRatio=\"none\" xmlns=\"http:\/\/www.w3.org\/2000\/svg\" width=\"70%\"  viewBox=\"0 0 1600 88\">\n\t\t\t\t\t\t\t<path style=\"fill:rgba(167,167,167,0.25)\" d=\"M-41,157V14.364H-7.733a78.7,78.7,0,0,1,88.672-1.355,78.348,78.348,0,0,0,52.206,19.826,78.351,78.351,0,0,0,52.207-19.826,78.7,78.7,0,0,1,86.684,0,78.351,78.351,0,0,0,52.207,19.826,78.348,78.348,0,0,0,52.206-19.826,78.7,78.7,0,0,1,86.684,0A78.351,78.351,0,0,0,515.34,32.835a78.351,78.351,0,0,0,52.207-19.826,78.7,78.7,0,0,1,86.684,0,78.35,78.35,0,0,0,52.206,19.826,78.349,78.349,0,0,0,52.207-19.826,78.7,78.7,0,0,1,86.684,0,78.351,78.351,0,0,0,52.207,19.826,78.351,78.351,0,0,0,52.207-19.826,78.7,78.7,0,0,1,86.688,0,78.327,78.327,0,0,0,52.2,19.826,78.353,78.353,0,0,0,52.21-19.826,78.689,78.689,0,0,1,86.68,0,78.372,78.372,0,0,0,52.21,19.826,78.372,78.372,0,0,0,52.21-19.826,78.689,78.689,0,0,1,86.68,0,78.353,78.353,0,0,0,52.21,19.826,78.327,78.327,0,0,0,52.2-19.826,78.71,78.71,0,0,1,88.68,1.355H1646V157H-41Z\"\/>\n  \t\t\t\t\t\t\t<path style=\"fill:rgba(153,153,153,0.25)\" d=\"M-41,173V30.364H-7.733a78.7,78.7,0,0,1,88.672-1.355,78.348,78.348,0,0,0,52.206,19.826,78.351,78.351,0,0,0,52.207-19.826,78.7,78.7,0,0,1,86.684,0,78.351,78.351,0,0,0,52.207,19.826,78.348,78.348,0,0,0,52.206-19.826,78.7,78.7,0,0,1,86.684,0A78.351,78.351,0,0,0,515.34,48.835a78.351,78.351,0,0,0,52.207-19.826,78.7,78.7,0,0,1,86.684,0,78.35,78.35,0,0,0,52.206,19.826,78.349,78.349,0,0,0,52.207-19.826,78.7,78.7,0,0,1,86.684,0,78.351,78.351,0,0,0,52.207,19.826,78.351,78.351,0,0,0,52.207-19.826,78.7,78.7,0,0,1,86.688,0,78.327,78.327,0,0,0,52.2,19.826,78.353,78.353,0,0,0,52.21-19.826,78.689,78.689,0,0,1,86.68,0,78.372,78.372,0,0,0,52.21,19.826,78.372,78.372,0,0,0,52.21-19.826,78.689,78.689,0,0,1,86.68,0,78.353,78.353,0,0,0,52.21,19.826,78.327,78.327,0,0,0,52.2-19.826,78.71,78.71,0,0,1,88.68,1.355H1646V173H-41Z\"\/>\n  \t\t\t\t\t\t\t<path style=\"fill:#19110d\" d=\"M-41,188V45.364H-7.733a78.7,78.7,0,0,1,88.672-1.355,78.348,78.348,0,0,0,52.206,19.826,78.35,78.35,0,0,0,52.207-19.826,78.7,78.7,0,0,1,86.684,0,78.35,78.35,0,0,0,52.207,19.826,78.348,78.348,0,0,0,52.206-19.826,78.7,78.7,0,0,1,86.684,0A78.35,78.35,0,0,0,515.34,63.835a78.35,78.35,0,0,0,52.207-19.826,78.7,78.7,0,0,1,86.684,0,78.35,78.35,0,0,0,52.206,19.826,78.348,78.348,0,0,0,52.207-19.826,78.7,78.7,0,0,1,86.684,0,78.35,78.35,0,0,0,52.207,19.826,78.35,78.35,0,0,0,52.207-19.826,78.7,78.7,0,0,1,86.688,0,78.326,78.326,0,0,0,52.2,19.826,78.352,78.352,0,0,0,52.21-19.826,78.689,78.689,0,0,1,86.68,0,78.371,78.371,0,0,0,52.21,19.826,78.371,78.371,0,0,0,52.21-19.826,78.689,78.689,0,0,1,86.68,0,78.352,78.352,0,0,0,52.21,19.826,78.326,78.326,0,0,0,52.2-19.826,78.71,78.71,0,0,1,88.68,1.355H1646V188H-41Z\"\/>\n\t\t\t\t\t\t<\/svg><\/div><\/div><div class=\"cz_gap clr  hide_on_tablet hide_on_mobile\" style=\"height: 50px\"><\/div><div class=\"cz_gap show_on_tablet clr  show_only_tablet\" style=\"height: 50px\"><\/div><div class=\"cz_gap show_on_mobile clr\" style=\"height: 50px\"><\/div>[vc_column_text]Die Burmesen-Rasse ist einzigartig, genau wie ihre genetische Veranlagung. In diesem Artikel geben wir einen kurzen \u00dcberblick \u00fcber die Genetik der Katzenfarben, die f\u00fcr das Verst\u00e4ndnis der Vererbung von Farben unerl\u00e4sslich ist.<\/p>\n<h3><span style=\"color: #ff8c00;\">Vererbung der Farbe bei Burma-Katzen:<\/span><\/h3>\n<ol>\n<li>Jedes Merkmal wird durch zwei Gene bestimmt, eins von jedem Elternteil.<\/li>\n<li>Dominante Gene haben einen Gro\u00dfbuchstaben, rezessive Gene haben einen Kleinbuchstaben. Rezessive Gene k\u00f6nnen nur in homozygoter Form auftreten (2 Kopien dieses Gens sind erforderlich).<\/li>\n<li>Wir werden nur einige der Merkmale diskutieren.<\/li>\n<\/ol>\n<h3><span style=\"color: #ff8c00;\">Schwarze Farbgruppe:<\/span><\/h3>\n<p>Die Farben der schwarzen Gruppe werden durch das dominante Gen B (Black) und das rezessive Gen b (braun) bestimmt. Das Burmesen-Gen, cb, erzeugt ein br\u00e4unliches Fell f\u00fcr eine genetisch schwarze Katze (braune Burmesen). Zwei Kopien des Burmesen-Allels (cb) sind erforderlich f\u00fcr die Burmesen-F\u00e4rbung, was eine Ver\u00e4nderung von schwarz zu braun (sable) bewirkt, mit dunkleren Punkten als der K\u00f6rper. Diese Gene interagieren wie folgt:<\/p>\n<ul>\n<li>BB &#8211; schwarze Katze, cbcbBB \u2013 braune Burma<\/li>\n<li>Bb &#8211; schwarze Katze, cbcbBb \u2013 braune Burma<\/li>\n<li>bb &#8211; braune Katze, cbcbbb \u2013 schokoladenfarbene Burma<\/li>\n<\/ul>\n<p>Da alle Burma-Katzen die cbcb Gene tragen, ist es f\u00fcr die Einfachheit in den Genotyp-Aufzeichnungen unn\u00f6tig, sie weiter aufzulisten.<\/p>\n<h3><span style=\"color: #ff8c00;\">Dichtes Gen:<\/span><\/h3>\n<p>Das dominante Gen D (non-dilution) ist f\u00fcr die volle Pigmentierung verantwortlich, und seine Mutation ist d (dilution), das die Intensit\u00e4t der Fellfarbe zu einem blasseren Fell moduliert. In rezessiver Form verd\u00fcnnt das dichte Gen (dd) Schwarz (braun) zu Blau und Schokolade zu Fliederfarben. Die Gene interagieren wie folgt:<\/p>\n<ul>\n<li>BBDD \u2013 braune Burma;<\/li>\n<li>BBDd &#8211; braune Burma;<\/li>\n<li>BBdd &#8211; blaue Burma;<\/li>\n<li>bbdd &#8211; fliederfarbene Burma.<\/li>\n<\/ul>\n<h3><span style=\"color: #ff8c00;\">Rote Farbe:<\/span><\/h3>\n<p>Bei Burma-Katzen wird die rote Farbe durch die Gene O und o (orange) bestimmt. Das Gen O ist dominant und erzeugt die rote Farbe, w\u00e4hrend das Gen o rezessiv ist und eine fehlende rote Farbe verursacht. In diesem Fall \u00fcberlagert das Gen O den Einfluss des Gens B. Die rote Farbe ist geschlechtsgebunden, und die Gene O und o befinden sich nur auf den X-Chromosomen. Weibchen haben zwei X-Chromosomen, und M\u00e4nnchen haben ein X-Chromosom und ein Y-Chromosom. Die Gene interagieren wie folgt:<\/p>\n<ul>\n<li>XX &#8211; Weibchen<\/li>\n<li>XY &#8211; M\u00e4nnchen<\/li>\n<\/ul>\n<p>Wenn beide X-Chromosomen einer weiblichen Katze das orangefarbene Allel tragen, wird das Fell rot sein (OO). Wenn sie heterozygot ist (Oo), wird ihr Fell eine Patchwork-Mischung aus roten und braunen Flecken sein, die als Schildpatt bezeichnet wird. Die Gene interagieren wie folgt:<\/p>\n<ul>\n<li>BBOO &#8211; rote Burma<\/li>\n<li>BBOOdd \u2013 cremefarbene Burma<\/li>\n<li>BBoo &#8211; braune Burma<\/li>\n<li>BBOo &#8211; Schildpatt Burma, also braun mit rot<\/li>\n<\/ul>\n<p>Da M\u00e4nnchen nur ein X-Chromosom haben, k\u00f6nnen sie nicht Schildpatt sein, mit Ausnahme von sehr seltenen F\u00e4llen von M\u00e4nnchen mit einem extra X-Chromosom (XXY), die keinen Nachwuchs erzeugen k\u00f6nnen. Wenn ein M\u00e4nnchen das orangefarbene Allel tr\u00e4gt, wird es rot\/cremefarben sein. BBO_ stellt eine rote Burma-Katze dar, w\u00e4hrend BBo_ eine braune Burma-Katze ist.<\/p>\n<h3><span style=\"color: #ff8c00;\">Fazit:<\/span><\/h3>\n<p>Zusammenfassend ist die Genetik der Katzenfarben ein faszinierendes Studiengebiet, und das Verst\u00e4ndnis davon ist f\u00fcr Z\u00fcchter, Besitzer und Katzenliebhaber unerl\u00e4sslich. Durch das Wissen um die Merkmale kann man die Farbe des Nachwuchses vorhersagen und eine Vielfalt von Fellfarben bei Burmesen-Katzen erzeugen. Die Studie der Katzen-Genetik hat in den letzten Jahren erhebliche Fortschritte gemacht, und es stehen verschiedene Ressourcen f\u00fcr weiterf\u00fchrende Lekt\u00fcre zur Verf\u00fcgung. Forscher haben die Gene untersucht, die an Fellfarbe und -muster bei Katzen beteiligt sind, und die genetische Grundlage von Fellfarbe und -muster bei Katzen ist gut verstanden. F\u00fcr ein besseres Verst\u00e4ndnis der Farben von Burmesen nutzen Sie die untenstehende Tabelle und unseren Burma FarbenRechner.<\/p>\n<h3 style=\"font-weight: 400;\"><span style=\"color: #ff8c00;\">References:<\/span><\/h3>\n<p style=\"font-weight: 400;\">Menotti-Raymond, M., David, V. A., &amp; O&#8217;Brien, S. J. (2009). Pet cats and the breeding of pedigreed cats. The genetics of the cat.<\/p>\n<p style=\"font-weight: 400;\">Lyons, L. A. (2012). Feline genetics: clinical applications and genetic testing. Veterinary Clinics: Small Animal Practice, 42(4), 625-640.<\/p>\n<p style=\"font-weight: 400;\">Schmutz, S. M. (2017). Genes affecting coat colour and pattern in domestic cats: a review. Animal Genetics, 48(3), 328-335.<\/p>\n<p>[\/vc_column_text]<div class=\"cz_gap clr  hide_on_tablet hide_on_mobile\" style=\"height: 30px\"><\/div><div class=\"cz_gap show_on_tablet clr  show_only_tablet\" style=\"height: 30px\"><\/div><div class=\"cz_gap show_on_mobile clr\" style=\"height: 30px\"><\/div>[\/vc_column][\/vc_row][vc_row][vc_column width=&#8220;1\/4&#8243;][\/vc_column][vc_column width=&#8220;1\/2&#8243;][vc_column_text]<\/p>\n<table style=\"font-weight: 400;\" width=\"769\">\n<tbody>\n<tr>\n<td width=\"391\">\u00a0BBDD = homozygous brown<\/td>\n<td width=\"372\">\u00a0BBdd = blue<\/td>\n<\/tr>\n<tr>\n<td width=\"391\">\u00a0BBDd = brown, carrying blue<\/td>\n<td width=\"372\">\u00a0Bbdd = blue , carrying chocolate<\/td>\n<\/tr>\n<tr>\n<td width=\"391\">\u00a0BbDD = brown, carrying chocolate<\/td>\n<td width=\"372\">\u00a0bbDD = chocolate<\/td>\n<\/tr>\n<tr>\n<td width=\"391\">\u00a0BbDd = brown, carrying chocolate and \u00a0blue<\/td>\n<td width=\"372\">\u00a0bbDd = chocolate, carrying blue<\/td>\n<\/tr>\n<tr>\n<td width=\"391\">\u00a0OOBBDD = homozygous red<\/td>\n<td width=\"372\">\u00a0bbdd = lilac burmese<\/td>\n<\/tr>\n<tr>\n<td width=\"391\">\u00a0OOBbDD = red, carrying chocolate<\/td>\n<td width=\"372\">\u00a0OOBBdd \u2013 homozygous cream<\/td>\n<\/tr>\n<tr>\n<td width=\"391\">\u00a0OOBbDd = red, carrying chocolate and \u00a0blue<\/td>\n<td width=\"372\">\u00a0OOBbdd \u2013 cream, carrying chocolate<\/td>\n<\/tr>\n<tr>\n<td width=\"391\">\u00a0OObbDD = red, carrying homozygous \u00a0chocolate<\/td>\n<td width=\"372\">\u00a0Oobbdd \u00a0&#8211; cream, carrying homozygous \u00a0chocolate<\/td>\n<\/tr>\n<tr>\n<td width=\"391\">\u00a0OObbDd = red, carrying blue and \u00a0homozygous chocolate<\/td>\n<td width=\"372\">oObbdd = lilac tortie<\/td>\n<\/tr>\n<tr>\n<td width=\"391\">oOBBdd = blue tortie<\/td>\n<td width=\"372\">oOBbdd = blue tortie carrying chocolate<\/td>\n<\/tr>\n<tr>\n<td width=\"391\">oOBbdd = chocolate tortie<\/td>\n<td width=\"372\">oObbDd \u00a0=\u00a0chocolate tortie, carrying blue<\/td>\n<\/tr>\n<\/tbody>\n<\/table>\n<p>[\/vc_column_text][\/vc_column][vc_column width=&#8220;1\/4&#8243;][\/vc_column][\/vc_row]<\/p>\n<\/div>","protected":false},"excerpt":{"rendered":"<p>[vc_row][vc_column][vc_column_text] Burmesen-Katzen-Farben-Rechner [\/vc_column_text][vc_column_text] F\u00fcr ein besseres Verst\u00e4ndnis der Farben von Burmesen-Katzen, &#8230; <\/p>\n","protected":false},"author":1,"featured_media":0,"parent":0,"menu_order":0,"comment_status":"closed","ping_status":"closed","template":"","meta":{"footnotes":""},"class_list":["post-3390","page","type-page","status-publish","hentry"],"translation":{"provider":"WPGlobus","version":"3.0.2","language":"de","enabled_languages":["en","de","fr"],"languages":{"en":{"title":true,"content":true,"excerpt":false},"de":{"title":true,"content":true,"excerpt":false},"fr":{"title":false,"content":false,"excerpt":false}}},"_links":{"self":[{"href":"https:\/\/burmese-cats.com\/de\/wp-json\/wp\/v2\/pages\/3390","targetHints":{"allow":["GET"]}}],"collection":[{"href":"https:\/\/burmese-cats.com\/de\/wp-json\/wp\/v2\/pages"}],"about":[{"href":"https:\/\/burmese-cats.com\/de\/wp-json\/wp\/v2\/types\/page"}],"author":[{"embeddable":true,"href":"https:\/\/burmese-cats.com\/de\/wp-json\/wp\/v2\/users\/1"}],"replies":[{"embeddable":true,"href":"https:\/\/burmese-cats.com\/de\/wp-json\/wp\/v2\/comments?post=3390"}],"version-history":[{"count":0,"href":"https:\/\/burmese-cats.com\/de\/wp-json\/wp\/v2\/pages\/3390\/revisions"}],"wp:attachment":[{"href":"https:\/\/burmese-cats.com\/de\/wp-json\/wp\/v2\/media?parent=3390"}],"curies":[{"name":"wp","href":"https:\/\/api.w.org\/{rel}","templated":true}]}}