{"id":3238,"date":"2023-01-15T20:08:46","date_gmt":"2023-01-15T20:08:46","guid":{"rendered":"https:\/\/burmese-cats.com\/?page_id=3238"},"modified":"2026-01-12T12:33:37","modified_gmt":"2026-01-12T12:33:37","slug":"neuters","status":"publish","type":"page","link":"https:\/\/burmese-cats.com\/de\/neuters\/","title":{"rendered":"Kastrieren"},"content":{"rendered":"<div class=\"wpb-content-wrapper\"><p>[vc_row css=&#8220;.vc_custom_1633459768267{margin-top: -30px !important;}&#8220;][vc_column]<div class=\"cz_gap clr  hide_on_tablet hide_on_mobile\" style=\"height: 220px\"><\/div><div class=\"cz_gap show_on_tablet clr  show_only_tablet\" style=\"height: 250px\"><\/div><div class=\"cz_gap show_on_mobile clr\" style=\"height: 250px\"><\/div><div id=\"cz_72763\" class=\"cz_72763 cz_title clr cz_title_pos_inline tac\"><div class=\"cz_title_shape shape_text cz_shape_1\">Zur\u00fcckgezogene Zuchtkatzen<\/div><div class=\"cz_title_content\"><span class=\"cz_line_side_solo\">_<\/span><div class=\"cz_wpe_content\"><h1 style=\"text-align: center;\">Kastrierte Katzen<\/h1>\n<\/div><span class=\"cz_line_side_solo cz_line_side_after\" style=\"left:0px\">_<\/span><\/div><\/div><div class=\"cz_gap clr  hide_on_tablet hide_on_mobile\" style=\"height: 80px\"><\/div><div class=\"cz_gap show_on_tablet clr  show_only_tablet\" style=\"height: 90px\"><\/div><div class=\"cz_gap show_on_mobile clr\" style=\"height: 90px\"><\/div>[\/vc_column][\/vc_row][vc_row css=&#8220;.vc_custom_1633459768267{margin-top: -30px !important;}&#8220;][vc_column]<div id=\"cz_72990\" class=\"cz_72990 cz_title clr cz_title_pos_inline\"><div class=\"cz_title_content\"><div class=\"cz_wpe_content\"><h2><span style=\"color: #ff8c00;\">Leben nach der Zucht:<\/span> Unsere kastrierten Katzen suchen ihr F\u00fcr-immer-Zuhause<\/h2>\n<\/div><\/div><\/div><div class=\"cz_gap clr  hide_on_tablet hide_on_mobile\" style=\"height: 30px\"><\/div><div class=\"cz_gap show_on_tablet clr  show_only_tablet\" style=\"height: 30px\"><\/div><div class=\"cz_gap show_on_mobile clr\" style=\"height: 30px\"><\/div><div id=\"cz_31377\" class=\"cz_31377 cz_title clr cz_title_pos_inline\"><div class=\"cz_title_content\"><div class=\"cz_wpe_content\"><p>In der Regel beenden unsere Burma-Katzen ihr Zuchtprogramm im Alter von 1,5 bis 3 Jahren. Auch nach der Kastration leben sie weiterhin bei uns und suchen langsam ihr endg\u00fcltiges Zuhause. Wenn man bedenkt, dass diese Katzenrasse bis zu 20 Jahre oder l\u00e4nger leben kann, steht ihnen ein langes und erf\u00fclltes Leben bevor. Diese Rasse liebt Menschen und passt sich schnell neuen Familien und Zuhause an, ohne die Art von psychischem Trauma zu erleben, die manchmal bei Hunden zu sehen ist.<\/p>\n<p>Da unsere Katzen nach und nach aus der Zucht genommen werden, weil sie durch j\u00fcngere Katzen ersetzt werden, und einige bald kastrierte Katzen m\u00f6glicherweise noch nicht auf dieser Seite aufgef\u00fchrt sind, kann die Verf\u00fcgbarkeit manchmal eingeschr\u00e4nkt erscheinen. Wenn jedoch derzeit keine kastrierten Katzen verf\u00fcgbar sind, empfehlen wir Ihnen, sich an uns zu wenden. Bitte senden Sie uns eine Anfrage, und wir werden Sie benachrichtigen, sobald die n\u00e4chste kastrierte Katze verf\u00fcgbar ist.<\/p>\n<\/div><\/div><\/div><div class=\"cz_gap clr  hide_on_tablet hide_on_mobile\" style=\"height: 10px\"><\/div><div class=\"cz_gap show_on_tablet clr  show_only_tablet\" style=\"height: 10px\"><\/div><div class=\"cz_gap show_on_mobile clr\" style=\"height: 15px\"><\/div><div id=\"cz_30747\" class=\"cz_30747 cz_title clr cz_title_has_icon cz_title_pos_inline\"><div class=\"cz_title_content\"><i class=\"cz_title_icon_before fa czico-049-music\"><\/i><div class=\"cz_wpe_content\"><h5>ES IST UNS EIN ANLIEGEN, EIN GUTES ZUHAUSE F\u00dcR UNSERE KATZEN ZU FINDEN. WENN SIE AN EINER DIESER WUNDERSCH\u00d6NEN KATZEN INTERESSIERT SIND, <a href=\"https:\/\/burmese-cats.com\/de\/contact\/\"><span style=\"color: #ff8c00;\">KONTAKTIEREN SIE UNS<\/span><\/a> GERNE.<\/h5>\n<\/div><\/div><\/div>[\/vc_column][\/vc_row][vc_row disable_element=&#8220;yes&#8220;][vc_column]<div class=\"cz_gap clr  hide_on_tablet hide_on_mobile\" style=\"height: 30px\"><\/div><div class=\"cz_gap show_on_tablet clr  show_only_tablet\" style=\"height: 30px\"><\/div><div class=\"cz_gap show_on_mobile clr\" style=\"height: 30px\"><\/div>[\/vc_column][\/vc_row][vc_row gap=&#8220;35&#8243; disable_element=&#8220;yes&#8220;][vc_column offset=&#8220;vc_col-lg-6&#8243;]<div id=\"cz_60622\" data-position=\"top-right\" class=\"cz_60622 cz_image clr cz_image_no_fx center_on_mobile\"><div class=\"cz_svg_bg\" ><div class=\"cz_image_in\"><div class=\"cz_main_image\"><img fetchpriority=\"high\" loading=\"eager\" decoding=\"sync\" data-no-lazy=\"1\" width=\"688\" height=\"688\" src=\"https:\/\/burmese-cats.com\/wp-content\/uploads\/2024\/05\/Orange-Power-burmese-cat.jpg-3-2.webp\" class=\"attachment-full\" alt=\"Orange Power burmese cat jpg 3 2\" title=\"Orange-Power-burmese-cat.jpg-3-2\" srcset=\"https:\/\/burmese-cats.com\/wp-content\/uploads\/2024\/05\/Orange-Power-burmese-cat.jpg-3-2.webp 688w, https:\/\/burmese-cats.com\/wp-content\/uploads\/2024\/05\/Orange-Power-burmese-cat.jpg-3-2-300x300.webp 300w, https:\/\/burmese-cats.com\/wp-content\/uploads\/2024\/05\/Orange-Power-burmese-cat.jpg-3-2-150x150.webp 150w, https:\/\/burmese-cats.com\/wp-content\/uploads\/2024\/05\/Orange-Power-burmese-cat.jpg-3-2-600x600.webp 600w, https:\/\/burmese-cats.com\/wp-content\/uploads\/2024\/05\/Orange-Power-burmese-cat.jpg-3-2-45x45.webp 45w\" sizes=\"(max-width: 688px) 100vw, 688px\"  \/><\/div><\/div><\/div><\/div><div class=\"cz_gap clr  hide_on_tablet hide_on_mobile\" style=\"height: 0px\"><\/div><div class=\"cz_gap show_on_tablet clr  show_only_tablet\" style=\"height: 50px\"><\/div><div class=\"cz_gap show_on_mobile clr\" style=\"height: 30px\"><\/div>[\/vc_column][vc_column offset=&#8220;vc_col-lg-6&#8243;]<div id=\"cz_57484\" class=\"cz_57484 cz_title clr cz_title_pos_inline\"><div class=\"cz_title_content\"><div class=\"cz_wpe_content\"><h1><span style=\"color: #ff8c00;\">Royal Esprit Orange Power<\/span><\/h1>\n<\/div><\/div><\/div><div class=\"cz_gap clr  hide_on_tablet hide_on_mobile\" style=\"height: 20px\"><\/div><div class=\"cz_gap show_on_tablet clr  show_only_tablet\" style=\"height: 20px\"><\/div><div class=\"cz_gap show_on_mobile clr\" style=\"height: 20px\"><\/div><div id=\"cz_63402\" class=\"cz_63402 cz_title clr cz_title_pos_inline\"><div class=\"cz_title_content\"><div class=\"cz_wpe_content\"><h5 style=\"text-align: left;\"><span style=\"color: #cfcfcf;\"><span style=\"color: #f28a19;\">Titel:<\/span> Grand International Champion, Junior Winner (FIFe)<\/span><\/h5>\n<\/div><\/div><\/div><div class=\"cz_gap clr  hide_on_tablet hide_on_mobile\" style=\"height: 20px\"><\/div><div class=\"cz_gap show_on_tablet clr  show_only_tablet\" style=\"height: 20px\"><\/div><div class=\"cz_gap show_on_mobile clr\" style=\"height: 20px\"><\/div><div id=\"cz_40670\" class=\"cz_40670 cz_title clr cz_title_pos_inline\"><div class=\"cz_title_content\"><div class=\"cz_wpe_content\"><h5><span style=\"color: #ff8c00;\">GEBURTSTAG:<\/span> 29.07.2021.<\/h5>\n<\/div><\/div><\/div><div id=\"cz_44072\" class=\"cz_44072 cz_title clr cz_title_pos_inline\"><div class=\"cz_title_content\"><div class=\"cz_wpe_content\"><h5><span style=\"color: #ff8c00;\">Farbe:<\/span> Red (BUR d)<\/h5>\n<\/div><\/div><\/div><div class=\"cz_gap clr  hide_on_tablet hide_on_mobile\" style=\"height: 20px\"><\/div><div class=\"cz_gap show_on_tablet clr  show_only_tablet\" style=\"height: 20px\"><\/div><div class=\"cz_gap show_on_mobile clr\" style=\"height: 20px\"><\/div>[vc_column_text css=&#8220;&#8220;]Geboren in der W\u00e4rme unserer Zucht, begeistert Orange Power durch seine Intelligenz und Sanftheit. Seine Vorliebe f\u00fcr Kuscheln und Geselligkeit macht ihn zum idealen Gef\u00e4hrten. Jetzt, wo Orange Power sein Zuchtprogramm abgeschlossen hat, freuen wir uns, ihm die M\u00f6glichkeit zu bieten, ein Zuhause zu finden, in dem er geliebt und gesch\u00e4tzt wird.<\/p>\n<p>Wir suchen eine Familie, die seine Einzigartigkeit erkennt und darauf erpicht ist, ihr Leben mit der Anwesenheit dieses au\u00dfergew\u00f6hnlichen Katers zu bereichern. Da er ein erwachsener Kater ist, w\u00fcrden wir es bevorzugen, wenn er zun\u00e4chst in ein Zuhause ohne andere Haustiere kommt, um die Eingew\u00f6hnung zu erleichtern. Sp\u00e4ter k\u00f6nnte ein neuer Freund hinzukommen, wenn er sich eingelebt hat.<\/p>\n<p><em>**Orange Power wird nicht kastriert, bis er ein neues Zuhause findet, und wird vor dem Umzug in sein neues Zuhause kastriert.<\/em>[\/vc_column_text]<div id=\"cz_54417\" class=\"cz_54417 cz_title clr cz_title_has_icon cz_title_pos_inline\"><div class=\"cz_title_content\"><i class=\"cz_title_icon_before fa czico-180-multimedia\"><\/i><div class=\"cz_wpe_content\"><h5>Z\u00d6GERN SIE NICHT, SICH ZU MELDEN UND MEHR ZU ERFAHREN!<\/h5>\n<\/div><\/div><\/div><div class=\"cz_gap clr  hide_on_tablet hide_on_mobile\" style=\"height: 20px\"><\/div><div class=\"cz_gap show_on_tablet clr  show_only_tablet\" style=\"height: 20px\"><\/div><div class=\"cz_gap show_on_mobile clr\" style=\"height: 20px\"><\/div>[vc_raw_html]JTNDZGl2JTIwY2xhc3MlM0QlMjJidXR0b24td2hhdHNhcHAtd3JhcHBlciUyMiUzRSUwQSUyMCUyMCUyMCUyMCUzQ2J1dHRvbiUyMGNsYXNzJTNEJTIyY3VzdG9tLXRvZ2dsZS1idXR0b24lMjIlM0UlMEElMjAlMjAlMjAlMjAlMjAlMjAlMjAlMjAlM0NzcGFuJTIwY2xhc3MlM0QlMjJidXR0b24tbGFiZWwlMjIlM0VBbmZyYWdlZm9ybXVsYXIlM0MlMkZzcGFuJTNFJTBBJTIwJTIwJTIwJTIwJTNDJTJGYnV0dG9uJTNFJTBBJTIwJTIwJTIwJTIwJTNDYSUyMGhyZWYlM0QlMjJodHRwcyUzQSUyRiUyRmFwaS53aGF0c2FwcC5jb20lMkZzZW5kJTNGcGhvbmUlM0QlMkIzODU5ODEzNzI4NjclMjIlMjBjbGFzcyUzRCUyMndoYXRzYXBwLWxpbmslMjIlM0UlMEElMjAlMjAlMjAlMjAlMjAlMjAlMjAlMjAlM0NpbWclMjBzcmMlM0QlMjJodHRwcyUzQSUyRiUyRmJ1cm1hLWthdHplbi5ldSUyRndwLWNvbnRlbnQlMkZ1cGxvYWRzJTJGMjAyMyUyRjA4JTJGV2hhdHNBcHBMb2dvLnN2ZyUyMiUyMGFsdCUzRCUyMldoYXRzQXBwJTIyJTNFJTBBJTIwJTIwJTIwJTIwJTNDJTJGYSUzRSUwQSUzQyUyRmRpdiUzRSUwQSUzQ2RpdiUyMGNsYXNzJTNEJTIyY29udGVudC1zZWN0aW9uJTIyJTIwc3R5bGUlM0QlMjJkaXNwbGF5JTNBJTIwbm9uZSUzQiUyMiUzRSUwQSUyMCUyMCUyMCUyMCU1QmNvbnRhY3QtZm9ybS03JTIwaWQlM0QlMjJlNzI1YmFkJTIyJTIwdGl0bGUlM0QlMjJDb250YWN0JTIwZm9ybSUyMG5ldXRlcnMlMjBkZSUyMiU1RCUwQSUzQyUyRmRpdiUzRSUwQQ==[\/vc_raw_html][\/vc_column][\/vc_row][vc_row disable_element=&#8220;yes&#8220;][vc_column]<div class=\"cz_gap clr  hide_on_tablet hide_on_mobile\" style=\"height: 30px\"><\/div><div class=\"cz_gap show_on_tablet clr  show_only_tablet\" style=\"height: 30px\"><\/div><div class=\"cz_gap show_on_mobile clr\" style=\"height: 30px\"><\/div>[\/vc_column][\/vc_row][vc_row gap=&#8220;35&#8243; disable_element=&#8220;yes&#8220;][vc_column offset=&#8220;vc_col-lg-6&#8243;]<div id=\"cz_50987\" data-position=\"top-right\" class=\"cz_50987 cz_image clr cz_image_no_fx center_on_mobile\"><div class=\"cz_svg_bg\" ><div class=\"cz_image_in\"><div class=\"cz_main_image\"><img decoding=\"async\" width=\"613\" height=\"612\" src=\"https:\/\/burmese-cats.com\/wp-content\/uploads\/2023\/08\/Burmese-Cat-Royal-Esprit-Vacheron-Constantin.jpg\" class=\"attachment-full\" alt=\"Burmese cat\" title=\"Burmese-Cat-Royal Esprit-Vacheron Constantin\" srcset=\"https:\/\/burmese-cats.com\/wp-content\/uploads\/2023\/08\/Burmese-Cat-Royal-Esprit-Vacheron-Constantin.jpg 613w, https:\/\/burmese-cats.com\/wp-content\/uploads\/2023\/08\/Burmese-Cat-Royal-Esprit-Vacheron-Constantin-300x300.jpg 300w, https:\/\/burmese-cats.com\/wp-content\/uploads\/2023\/08\/Burmese-Cat-Royal-Esprit-Vacheron-Constantin-150x150.jpg 150w, https:\/\/burmese-cats.com\/wp-content\/uploads\/2023\/08\/Burmese-Cat-Royal-Esprit-Vacheron-Constantin-600x599.jpg 600w, https:\/\/burmese-cats.com\/wp-content\/uploads\/2023\/08\/Burmese-Cat-Royal-Esprit-Vacheron-Constantin-45x45.jpg 45w\" sizes=\"(max-width: 613px) 100vw, 613px\" loading=\"eager\" \/><\/div><\/div><\/div><\/div><div class=\"cz_gap clr  hide_on_tablet hide_on_mobile\" style=\"height: 0px\"><\/div><div class=\"cz_gap show_on_tablet clr  show_only_tablet\" style=\"height: 30px\"><\/div><div class=\"cz_gap show_on_mobile clr\" style=\"height: 30px\"><\/div>[\/vc_column][vc_column offset=&#8220;vc_col-lg-6&#8243;]<div class=\"cz_gap clr  hide_on_tablet hide_on_mobile\" style=\"height: 25px\"><\/div><div class=\"cz_gap show_on_tablet clr  show_only_tablet\" style=\"height: 0px\"><\/div><div class=\"cz_gap show_on_mobile clr\" style=\"height: 0px\"><\/div><div id=\"cz_23490\" class=\"cz_23490 cz_title clr cz_title_pos_inline\"><div class=\"cz_title_content\"><div class=\"cz_wpe_content\"><h4 style=\"text-align: left;\"><span style=\"color: #f28a19;\"><span style=\"color: #fffffe;\">MW23 IC <\/span>Royal Esprit Vacheron Constantin <span style=\"color: #fffffe;\">JW<\/span><\/span><\/h4>\n<\/div><\/div><\/div><div class=\"cz_gap clr  hide_on_tablet hide_on_mobile\" style=\"height: 25px\"><\/div><div class=\"cz_gap show_on_tablet clr  show_only_tablet\" style=\"height: 15px\"><\/div><div class=\"cz_gap show_on_mobile clr\" style=\"height: 25px\"><\/div><div id=\"cz_110073\" class=\"cz_110073 cz_title clr cz_title_pos_inline\"><div class=\"cz_title_content\"><div class=\"cz_wpe_content\"><p class=\"p1\">Unser au\u00dfergew\u00f6hnlicher Burmese <span class=\"s1\"><b>MW23 IC Royal Esprit Vacheron Constantin JW<\/b><\/span> beendet nun langsam sein Zuchtprogramm \u2013 und wir beginnen behutsam, ein liebevolles neues Zuhause f\u00fcr ihn zu suchen.<\/p>\n<p class=\"p1\">Vacheron wurde in unserer Cattery geboren und ist ein beeindruckender Kater mit hervorragendem Charakter und einem liebevollen Herzen. Trotz seines jungen Alters hat er bereits bemerkenswerte Titel errungen, darunter <span class=\"s1\"><b>Mediterranean Winner<\/b><\/span>, <span class=\"s1\"><b>Junior Winner<\/b><\/span> und <span class=\"s1\"><b>International Champion<\/b><\/span>. Er hat zahlreiche Ausstellungen in seiner Kategorie gewonnen, wurde mit <span class=\"s1\"><b>Best in Show<\/b><\/span> ausgezeichnet und sogar als <span class=\"s1\"><b>Best of Best<\/b><\/span> unter allen anwesenden Katzen bei internationalen Ausstellungen geehrt.<\/p>\n<p class=\"p1\">Seine Erfolge sprechen f\u00fcr sich und zeigen seine au\u00dfergew\u00f6hnliche Qualit\u00e4t. Nun w\u00fcnschen wir uns f\u00fcr ihn ein besonderes Zuhause, in dem er f\u00fcr immer geliebt und gesch\u00e4tzt wird.<\/p>\n<\/div><\/div><\/div><div class=\"cz_gap clr  hide_on_tablet hide_on_mobile\" style=\"height: 10px\"><\/div><div class=\"cz_gap show_on_tablet clr  show_only_tablet\" style=\"height: 10px\"><\/div><div class=\"cz_gap show_on_mobile clr\" style=\"height: 10px\"><\/div><div id=\"cz_98404\" class=\"cz_98404 cz_title clr cz_title_pos_inline\"><div class=\"cz_title_content\"><div class=\"cz_wpe_content\"><h5 style=\"text-align: left;\"><span style=\"color: #cfcfcf;\"><span style=\"color: #f28a19;\">Titel: <\/span><\/span><span style=\"color: #cfcfcf;\">Mediterranean Winner 23, Inter Champion, Junior Winner (FIFe)<\/span><\/h5>\n<\/div><\/div><\/div><div class=\"cz_gap clr  hide_on_tablet hide_on_mobile\" style=\"height: 10px\"><\/div><div class=\"cz_gap show_on_tablet clr  show_only_tablet\" style=\"height: 10px\"><\/div><div class=\"cz_gap show_on_mobile clr\" style=\"height: 10px\"><\/div><div id=\"cz_32739\" class=\"cz_32739 cz_title clr cz_title_pos_inline\"><div class=\"cz_title_content\"><div class=\"cz_wpe_content\"><h5 style=\"text-align: left;\"><span style=\"color: #cfcfcf;\"><span style=\"color: #f28a19;\">GEBURTSTAG:<\/span> 28.10.2022<\/span><\/h5>\n<\/div><\/div><\/div><div class=\"cz_gap clr  hide_on_tablet hide_on_mobile\" style=\"height: 10px\"><\/div><div class=\"cz_gap show_on_tablet clr  show_only_tablet\" style=\"height: 10px\"><\/div><div class=\"cz_gap show_on_mobile clr\" style=\"height: 10px\"><\/div><div id=\"cz_94344\" class=\"cz_94344 cz_title clr cz_title_pos_inline\"><div class=\"cz_title_content\"><div class=\"cz_wpe_content\"><h5 style=\"text-align: left;\"><span style=\"color: #cfcfcf;\"><span style=\"color: #f28a19;\">Farbe:<\/span> Chocolate (BUR <span style=\"text-transform: lowercase;\">b<\/span>)<\/span><\/h5>\n<\/div><\/div><\/div><div class=\"cz_gap clr  hide_on_tablet hide_on_mobile\" style=\"height: 10px\"><\/div><div class=\"cz_gap show_on_tablet clr  show_only_tablet\" style=\"height: 10px\"><\/div><div class=\"cz_gap show_on_mobile clr\" style=\"height: 10px\"><\/div><div id=\"cz_38941\" class=\"cz_38941 cz_title clr cz_title_pos_inline\"><div class=\"cz_title_content\"><div class=\"cz_wpe_content\"><h5><span style=\"color: #f28a19;\">KARRIERE:<\/span><\/h5>\n<\/div><\/div><\/div>[vc_column_text]<\/p>\n<ul>\n<li><span style=\"color: #cfcfcf;\">Mediterranean Winner \u2013 1 Mal<\/span><\/li>\n<li><span style=\"color: #cfcfcf;\">Best of Best 1 \u2013 5 Mal<\/span><\/li>\n<li><span style=\"color: #cfcfcf;\">Best of Best 2 \u2013 1 Mal<\/span><\/li>\n<li><span style=\"color: #cfcfcf;\">Best in Show (BIS) \u2013 9 Mal<\/span><\/li>\n<li><span style=\"color: #cfcfcf;\">Best of Category \u2013 7 Mal<\/span><\/li>\n<\/ul>\n<p>[\/vc_column_text][\/vc_column][\/vc_row][vc_row][vc_column]<div class=\"cz_gap clr \" style=\"height: 30px\"><\/div>[\/vc_column][\/vc_row][vc_row gap=&#8220;35&#8243; disable_element=&#8220;yes&#8220;][vc_column offset=&#8220;vc_col-lg-6&#8243;]<div id=\"cz_29724\" data-position=\"top-right\" class=\"cz_29724 cz_image clr cz_image_no_fx center_on_mobile\"><div class=\"cz_svg_bg\" ><div class=\"cz_image_in\"><div class=\"cz_main_image\"><img decoding=\"async\" width=\"1000\" height=\"952\" src=\"https:\/\/burmese-cats.com\/wp-content\/uploads\/2023\/08\/Wild-Cherry-1-2.jpg\" class=\"attachment-full\" alt=\"Wild Cherry 1 2\" title=\"Wild-Cherry-1-2\" srcset=\"https:\/\/burmese-cats.com\/wp-content\/uploads\/2023\/08\/Wild-Cherry-1-2.jpg 1000w, https:\/\/burmese-cats.com\/wp-content\/uploads\/2023\/08\/Wild-Cherry-1-2-300x286.jpg 300w, https:\/\/burmese-cats.com\/wp-content\/uploads\/2023\/08\/Wild-Cherry-1-2-768x731.jpg 768w, https:\/\/burmese-cats.com\/wp-content\/uploads\/2023\/08\/Wild-Cherry-1-2-600x571.jpg 600w\" sizes=\"auto, (max-width: 1000px) 100vw, 1000px\" loading=\"lazy\" \/><\/div><\/div><\/div><\/div><div class=\"cz_gap clr  hide_on_tablet hide_on_mobile\" style=\"height: 0px\"><\/div><div class=\"cz_gap show_on_tablet clr  show_only_tablet\" style=\"height: 20px\"><\/div><div class=\"cz_gap show_on_mobile clr\" style=\"height: 20px\"><\/div>[\/vc_column][vc_column offset=&#8220;vc_col-lg-6&#8243;]<div class=\"cz_gap clr  hide_on_tablet hide_on_mobile\" style=\"height: 40px\"><\/div><div class=\"cz_gap show_on_tablet clr  show_only_tablet\" style=\"height: 0px\"><\/div><div class=\"cz_gap show_on_mobile clr\" style=\"height: 15px\"><\/div><div id=\"cz_76550\" class=\"cz_76550 cz_title clr cz_title_pos_inline\"><div class=\"cz_title_content\"><div class=\"cz_wpe_content\"><h4 style=\"text-align: left;\"><span style=\"color: #f28a19;\">Alba Regia Wild Cherry<\/span><\/h4>\n<\/div><\/div><\/div><div class=\"cz_gap clr  hide_on_tablet hide_on_mobile\" style=\"height: 25px\"><\/div><div class=\"cz_gap show_on_tablet clr  show_only_tablet\" style=\"height: 25px\"><\/div><div class=\"cz_gap show_on_mobile clr\" style=\"height: 25px\"><\/div><div id=\"cz_22059\" class=\"cz_22059 cz_title clr cz_title_pos_inline\"><div class=\"cz_title_content\"><div class=\"cz_wpe_content\"><p class=\"p1\">Unsere wundersch\u00f6ne Katze <span class=\"s1\"><b>ALBA REGIA WILD CHERRY<\/b><\/span> beendet nun ihr Zuchtprogramm, und wir beginnen behutsam, ein ruhiges und liebevolles Zuhause f\u00fcr sie zu suchen, in dem sie ihr Leben in Frieden genie\u00dfen kann.<\/p>\n<p class=\"p1\">Wild Cherry stammt aus einer befreundeten Cattery in Ungarn. Sie ist eine kluge und feinf\u00fchlige Katze, die eine ruhige, stabile Umgebung sch\u00e4tzt. Da sie Trubel meidet, hat sie nie an Ausstellungen teilgenommen. Durch ihr sanftes Wesen und ihre gelassene Ausstrahlung hat sie unserer Cattery eine besondere Anmut verliehen und war eine hingebungsvolle und liebevolle Mutter f\u00fcr ihre Kitten.<\/p>\n<p class=\"p1\">Sie w\u00e4re am gl\u00fccklichsten als <span class=\"s1\"><b>Einzelkatze<\/b><\/span> in einem ruhigen Zuhause, wo sie die volle Aufmerksamkeit und Liebe bekommt, die sie verdient.<\/p>\n<p class=\"p3\"><b>Ein Zuhause mit anderen Katzen oder Tieren kommt f\u00fcr sie nicht in Frage.<\/b><\/p>\n<\/div><\/div><\/div><div class=\"cz_gap clr  hide_on_tablet hide_on_mobile\" style=\"height: 10px\"><\/div><div class=\"cz_gap show_on_tablet clr  show_only_tablet\" style=\"height: 10px\"><\/div><div class=\"cz_gap show_on_mobile clr\" style=\"height: 10px\"><\/div><div id=\"cz_65076\" class=\"cz_65076 cz_title clr cz_title_pos_inline\"><div class=\"cz_title_content\"><div class=\"cz_wpe_content\"><h5 style=\"text-align: left;\"><span style=\"color: #cfcfcf;\"><span style=\"color: #f28a19;\">GEBURTSTAG:<\/span>\u00a013.01.2020<\/span><\/h5>\n<\/div><\/div><\/div><div class=\"cz_gap clr  hide_on_tablet hide_on_mobile\" style=\"height: 10px\"><\/div><div class=\"cz_gap show_on_tablet clr  show_only_tablet\" style=\"height: 10px\"><\/div><div class=\"cz_gap show_on_mobile clr\" style=\"height: 10px\"><\/div><div id=\"cz_43550\" class=\"cz_43550 cz_title clr cz_title_pos_inline\"><div class=\"cz_title_content\"><div class=\"cz_wpe_content\"><h5 style=\"text-align: left;\"><span style=\"color: #cfcfcf;\"><span style=\"color: #f28a19;\">Farbe:<\/span>\u00a0Brown(BUR <span style=\"text-transform: lowercase;\">n<\/span>)<\/span><\/h5>\n<\/div><\/div><\/div>[\/vc_column][\/vc_row][vc_row][vc_column][\/vc_column][\/vc_row]<\/p>\n<\/div>","protected":false},"excerpt":{"rendered":"<p>[vc_row css=&#8220;.vc_custom_1633459768267{margin-top: -30px !important;}&#8220;][vc_column][\/vc_column][\/vc_row][vc_row css=&#8220;.vc_custom_1633459768267{margin-top: -30px !important;}&#8220;][vc_column][\/vc_column][\/vc_row][vc_row disable_element=&#8220;yes&#8220;][vc_column][\/vc_column][\/vc_row][vc_row gap=&#8220;35&#8243; disable_element=&#8220;yes&#8220;][vc_column offset=&#8220;vc_col-lg-6&#8243;][\/vc_column][vc_column &#8230; <\/p>\n","protected":false},"author":1,"featured_media":0,"parent":0,"menu_order":0,"comment_status":"closed","ping_status":"closed","template":"","meta":{"footnotes":""},"class_list":["post-3238","page","type-page","status-publish","hentry"],"translation":{"provider":"WPGlobus","version":"3.0.2","language":"de","enabled_languages":["en","de","fr"],"languages":{"en":{"title":true,"content":true,"excerpt":false},"de":{"title":true,"content":true,"excerpt":false},"fr":{"title":false,"content":false,"excerpt":false}}},"_links":{"self":[{"href":"https:\/\/burmese-cats.com\/de\/wp-json\/wp\/v2\/pages\/3238","targetHints":{"allow":["GET"]}}],"collection":[{"href":"https:\/\/burmese-cats.com\/de\/wp-json\/wp\/v2\/pages"}],"about":[{"href":"https:\/\/burmese-cats.com\/de\/wp-json\/wp\/v2\/types\/page"}],"author":[{"embeddable":true,"href":"https:\/\/burmese-cats.com\/de\/wp-json\/wp\/v2\/users\/1"}],"replies":[{"embeddable":true,"href":"https:\/\/burmese-cats.com\/de\/wp-json\/wp\/v2\/comments?post=3238"}],"version-history":[{"count":13,"href":"https:\/\/burmese-cats.com\/de\/wp-json\/wp\/v2\/pages\/3238\/revisions"}],"predecessor-version":[{"id":8314,"href":"https:\/\/burmese-cats.com\/de\/wp-json\/wp\/v2\/pages\/3238\/revisions\/8314"}],"wp:attachment":[{"href":"https:\/\/burmese-cats.com\/de\/wp-json\/wp\/v2\/media?parent=3238"}],"curies":[{"name":"wp","href":"https:\/\/api.w.org\/{rel}","templated":true}]}}