{"id":2236,"date":"2021-09-27T20:39:14","date_gmt":"2021-09-27T20:39:14","guid":{"rendered":"https:\/\/burmese-cats.com\/?page_id=2236"},"modified":"2025-11-11T17:55:23","modified_gmt":"2025-11-11T17:55:23","slug":"our-males","status":"publish","type":"page","link":"https:\/\/burmese-cats.com\/de\/our-males\/","title":{"rendered":"Unsere Zuchtkater"},"content":{"rendered":"<div class=\"wpb-content-wrapper\"><p>[vc_row css=&#8220;.vc_custom_1633459768267{margin-top: -30px !important;}&#8220;][vc_column]<div class=\"cz_gap clr  hide_on_tablet hide_on_mobile\" style=\"height: 220px\"><\/div><div class=\"cz_gap show_on_tablet clr  show_only_tablet\" style=\"height: 50px\"><\/div><div class=\"cz_gap show_on_mobile clr\" style=\"height: 190px\"><\/div><div id=\"cz_30652\" class=\"cz_30652 cz_title clr cz_title_pos_inline tac\"><div class=\"cz_title_shape shape_text cz_shape_1\">UNSERE M\u00c4NNCHEN<\/div><div class=\"cz_title_content\"><span class=\"cz_line_side_solo\">_<\/span><div class=\"cz_wpe_content\"><h1 style=\"text-align: center;\">Unsere Kater<\/h1>\n<\/div><span class=\"cz_line_side_solo cz_line_side_after\" style=\"left:0px\">_<\/span><\/div><\/div><div class=\"cz_gap clr  hide_on_tablet hide_on_mobile\" style=\"height: 80px\"><\/div><div class=\"cz_gap show_on_tablet clr  show_only_tablet\" style=\"height: 50px\"><\/div><div class=\"cz_gap show_on_mobile clr\" style=\"height: 60px\"><\/div>[\/vc_column][\/vc_row][vc_row gap=&#8220;35&#8243; disable_element=&#8220;yes&#8220;][vc_column offset=&#8220;vc_col-lg-6&#8243;]<div id=\"cz_50987\" data-position=\"top-right\" class=\"cz_50987 cz_image clr cz_image_no_fx center_on_mobile\"><div class=\"cz_svg_bg\" ><div class=\"cz_image_in\"><div class=\"cz_main_image\"><img fetchpriority=\"high\" loading=\"eager\" decoding=\"sync\" data-no-lazy=\"1\" width=\"613\" height=\"612\" src=\"https:\/\/burmese-cats.com\/wp-content\/uploads\/2023\/08\/Burmese-Cat-Royal-Esprit-Vacheron-Constantin.jpg\" class=\"attachment-full\" alt=\"Burmese cat\" title=\"Burmese-Cat-Royal Esprit-Vacheron Constantin\" srcset=\"https:\/\/burmese-cats.com\/wp-content\/uploads\/2023\/08\/Burmese-Cat-Royal-Esprit-Vacheron-Constantin.jpg 613w, https:\/\/burmese-cats.com\/wp-content\/uploads\/2023\/08\/Burmese-Cat-Royal-Esprit-Vacheron-Constantin-300x300.jpg 300w, https:\/\/burmese-cats.com\/wp-content\/uploads\/2023\/08\/Burmese-Cat-Royal-Esprit-Vacheron-Constantin-150x150.jpg 150w, https:\/\/burmese-cats.com\/wp-content\/uploads\/2023\/08\/Burmese-Cat-Royal-Esprit-Vacheron-Constantin-600x599.jpg 600w, https:\/\/burmese-cats.com\/wp-content\/uploads\/2023\/08\/Burmese-Cat-Royal-Esprit-Vacheron-Constantin-45x45.jpg 45w\" sizes=\"(max-width: 613px) 100vw, 613px\" loading=\"eager\" \/><\/div><\/div><\/div><\/div><div class=\"cz_gap clr  hide_on_tablet hide_on_mobile\" style=\"height: 0px\"><\/div><div class=\"cz_gap show_on_tablet clr  show_only_tablet\" style=\"height: 30px\"><\/div><div class=\"cz_gap show_on_mobile clr\" style=\"height: 30px\"><\/div>[\/vc_column][vc_column offset=&#8220;vc_col-lg-6&#8243;]<div class=\"cz_gap clr  hide_on_tablet hide_on_mobile\" style=\"height: 25px\"><\/div><div class=\"cz_gap show_on_tablet clr  show_only_tablet\" style=\"height: 0px\"><\/div><div class=\"cz_gap show_on_mobile clr\" style=\"height: 0px\"><\/div><div id=\"cz_23490\" class=\"cz_23490 cz_title clr cz_title_pos_inline\"><div class=\"cz_title_content\"><div class=\"cz_wpe_content\"><h4 style=\"text-align: left;\"><span style=\"color: #f28a19;\"><span style=\"color: #fffffe;\">MW23 IC <\/span>Royal Esprit Vacheron Constantin <span style=\"color: #fffffe;\">JW<\/span><\/span><\/h4>\n<\/div><\/div><\/div><div class=\"cz_gap clr  hide_on_tablet hide_on_mobile\" style=\"height: 25px\"><\/div><div class=\"cz_gap show_on_tablet clr  show_only_tablet\" style=\"height: 15px\"><\/div><div class=\"cz_gap show_on_mobile clr\" style=\"height: 25px\"><\/div><div id=\"cz_50777\" class=\"cz_50777 cz_title clr cz_title_pos_inline\"><div class=\"cz_title_content\"><div class=\"cz_wpe_content\"><p>Wir pr\u00e4sentieren stolz unseren pr\u00e4chtigen Burmesen mit einem ausgezeichneten Temperament und einem liebevollen Herzen &#8211; MW23 IC Royal Esprit Vacheron Constantin JW, geboren in unserer Zucht. Trotz seines jungen Alters hat Vacheron bereits den prestigetr\u00e4chtigen MEDITERRANEAN WINNER und Junior Winner Titel sowie den Internationalen Champion Titel gewonnen, indem er mehrfach in seiner Kategorie bei Shows siegte und den Best in Show Preis erhielt. Zus\u00e4tzlich wurde er nicht nur als bester in seiner Kategorie, sondern auch als bester Kater aller anwesenden Katzen bei prestigetr\u00e4chtigen internationalen Ausstellungen anerkannt, wobei er den Best of Best Preis erlangte. Seine Erfolge sprechen f\u00fcr sich und unterstreichen sein Potenzial und seine hervorragenden Eigenschaften.<\/p>\n<\/div><\/div><\/div><div class=\"cz_gap clr  hide_on_tablet hide_on_mobile\" style=\"height: 10px\"><\/div><div class=\"cz_gap show_on_tablet clr  show_only_tablet\" style=\"height: 10px\"><\/div><div class=\"cz_gap show_on_mobile clr\" style=\"height: 10px\"><\/div><div id=\"cz_98404\" class=\"cz_98404 cz_title clr cz_title_pos_inline\"><div class=\"cz_title_content\"><div class=\"cz_wpe_content\"><h5 style=\"text-align: left;\"><span style=\"color: #cfcfcf;\"><span style=\"color: #f28a19;\">Titel: <\/span><\/span><span style=\"color: #cfcfcf;\">Mediterranean Winner 23, Inter Champion, Junior Winner (FIFe)<\/span><\/h5>\n<\/div><\/div><\/div><div class=\"cz_gap clr  hide_on_tablet hide_on_mobile\" style=\"height: 10px\"><\/div><div class=\"cz_gap show_on_tablet clr  show_only_tablet\" style=\"height: 10px\"><\/div><div class=\"cz_gap show_on_mobile clr\" style=\"height: 10px\"><\/div><div id=\"cz_32739\" class=\"cz_32739 cz_title clr cz_title_pos_inline\"><div class=\"cz_title_content\"><div class=\"cz_wpe_content\"><h5 style=\"text-align: left;\"><span style=\"color: #cfcfcf;\"><span style=\"color: #f28a19;\">GEBURTSTAG:<\/span> 28.10.2022<\/span><\/h5>\n<\/div><\/div><\/div><div class=\"cz_gap clr  hide_on_tablet hide_on_mobile\" style=\"height: 10px\"><\/div><div class=\"cz_gap show_on_tablet clr  show_only_tablet\" style=\"height: 10px\"><\/div><div class=\"cz_gap show_on_mobile clr\" style=\"height: 10px\"><\/div><div id=\"cz_94344\" class=\"cz_94344 cz_title clr cz_title_pos_inline\"><div class=\"cz_title_content\"><div class=\"cz_wpe_content\"><h5 style=\"text-align: left;\"><span style=\"color: #cfcfcf;\"><span style=\"color: #f28a19;\">Farbe:<\/span> Chocolate (BUR <span style=\"text-transform: lowercase;\">b<\/span>)<\/span><\/h5>\n<\/div><\/div><\/div><div class=\"cz_gap clr  hide_on_tablet hide_on_mobile\" style=\"height: 10px\"><\/div><div class=\"cz_gap show_on_tablet clr  show_only_tablet\" style=\"height: 10px\"><\/div><div class=\"cz_gap show_on_mobile clr\" style=\"height: 10px\"><\/div><div id=\"cz_38941\" class=\"cz_38941 cz_title clr cz_title_pos_inline\"><div class=\"cz_title_content\"><div class=\"cz_wpe_content\"><h5><span style=\"color: #f28a19;\">KARRIERE:<\/span><\/h5>\n<\/div><\/div><\/div>[vc_column_text]<\/p>\n<ul>\n<li><span style=\"color: #cfcfcf;\">Mediterranean Winner \u2013 1 Mal<\/span><\/li>\n<li><span style=\"color: #cfcfcf;\">Best of Best 1 \u2013 5 Mal<\/span><\/li>\n<li><span style=\"color: #cfcfcf;\">Best of Best 2 \u2013 1 Mal<\/span><\/li>\n<li><span style=\"color: #cfcfcf;\">Best in Show (BIS) \u2013 9 Mal<\/span><\/li>\n<li><span style=\"color: #cfcfcf;\">Best of Category \u2013 7 Mal<\/span><\/li>\n<\/ul>\n<p>[\/vc_column_text][\/vc_column][\/vc_row][vc_row disable_element=&#8220;yes&#8220;][vc_column]<div class=\"cz_gap clr  hide_on_tablet hide_on_mobile\" style=\"height: 80px\"><\/div><div class=\"cz_gap show_on_tablet clr  show_only_tablet\" style=\"height: 30px\"><\/div><div class=\"cz_gap show_on_mobile clr\" style=\"height: 30px\"><\/div>[\/vc_column][\/vc_row][vc_row gap=&#8220;35&#8243;][vc_column offset=&#8220;vc_col-lg-6&#8243;]<div id=\"cz_25196\" data-position=\"top-right\" class=\"cz_25196 cz_image clr cz_image_no_fx center_on_mobile\"><div class=\"cz_svg_bg\" ><div class=\"cz_image_in\"><div class=\"cz_main_image\"><img decoding=\"async\" width=\"929\" height=\"929\" src=\"https:\/\/burmese-cats.com\/wp-content\/uploads\/2025\/05\/Cloud-Jumper-1224.jpg\" class=\"attachment-full\" alt=\"Cloud Jumper 1224\" srcset=\"https:\/\/burmese-cats.com\/wp-content\/uploads\/2025\/05\/Cloud-Jumper-1224.jpg 929w, https:\/\/burmese-cats.com\/wp-content\/uploads\/2025\/05\/Cloud-Jumper-1224-300x300.jpg 300w, https:\/\/burmese-cats.com\/wp-content\/uploads\/2025\/05\/Cloud-Jumper-1224-150x150.jpg 150w, https:\/\/burmese-cats.com\/wp-content\/uploads\/2025\/05\/Cloud-Jumper-1224-768x768.jpg 768w, https:\/\/burmese-cats.com\/wp-content\/uploads\/2025\/05\/Cloud-Jumper-1224-600x600.jpg 600w, https:\/\/burmese-cats.com\/wp-content\/uploads\/2025\/05\/Cloud-Jumper-1224-45x45.jpg 45w\" sizes=\"auto, (max-width: 929px) 100vw, 929px\" loading=\"lazy\" \/><\/div><\/div><\/div><\/div><div class=\"cz_gap clr  hide_on_tablet hide_on_mobile\" style=\"height: 0px\"><\/div><div class=\"cz_gap show_on_tablet clr  show_only_tablet\" style=\"height: 30px\"><\/div><div class=\"cz_gap show_on_mobile clr\" style=\"height: 30px\"><\/div>[\/vc_column][vc_column offset=&#8220;vc_col-lg-6&#8243;]<div class=\"cz_gap clr  hide_on_tablet hide_on_mobile\" style=\"height: 25px\"><\/div><div class=\"cz_gap show_on_tablet clr  show_only_tablet\" style=\"height: 0px\"><\/div><div class=\"cz_gap show_on_mobile clr\" style=\"height: 0px\"><\/div><div id=\"cz_92698\" class=\"cz_92698 cz_title clr cz_title_pos_inline\"><div class=\"cz_title_content\"><div class=\"cz_wpe_content\"><h4 style=\"text-align: left;\"><span style=\"color: #f28a19;\"><span style=\"color: #fffffe;\">CH JCH<\/span> Royal Esprit Cloud Jumper <span style=\"color: #fffffe;\">JW<\/span><\/span><\/h4>\n<\/div><\/div><\/div><div class=\"cz_gap clr  hide_on_tablet hide_on_mobile\" style=\"height: 25px\"><\/div><div class=\"cz_gap show_on_tablet clr  show_only_tablet\" style=\"height: 15px\"><\/div><div class=\"cz_gap show_on_mobile clr\" style=\"height: 25px\"><\/div><div id=\"cz_47848\" class=\"cz_47848 cz_title clr cz_title_pos_inline\"><div class=\"cz_title_content\"><div class=\"cz_wpe_content\"><p class=\"p1\"><span class=\"s1\"><b>CH JCH Royal Esprit Cloud Jumper JW<\/b><\/span>, unser vielversprechender junger Burmeserkater, wurde in unserer Cattery geboren \u2013 aus einer Verpaarung mit herausragenden Vertretern der Rasse. Mit seinem liebevollen Wesen und seinem selbstbewussten Charakter hat er schnell unsere Herzen erobert und ist zu einem gesch\u00e4tzten Teil unserer Familie geworden. Seine bisherigen Ausstellungserfolge, darunter mehrere Titel und der Titel <span class=\"s1\"><b>Junior Winner<\/b><\/span>, unterstreichen bereits jetzt sein gro\u00dfes Potenzial und seine hervorragende Qualit\u00e4t.<\/p>\n<\/div><\/div><\/div><div class=\"cz_gap clr  hide_on_tablet hide_on_mobile\" style=\"height: 25px\"><\/div><div class=\"cz_gap show_on_tablet clr  show_only_tablet\" style=\"height: 25px\"><\/div><div class=\"cz_gap show_on_mobile clr\" style=\"height: 25px\"><\/div><div id=\"cz_53249\" class=\"cz_53249 cz_title clr cz_title_pos_inline\"><div class=\"cz_title_content\"><div class=\"cz_wpe_content\"><h5 style=\"text-align: left;\"><span style=\"color: #cfcfcf;\"><span style=\"color: #f28a19;\">Titel:<\/span> Champion, Junior Champion, Junior Winner(FIFe)<\/span><\/h5>\n<\/div><\/div><\/div><div class=\"cz_gap clr  hide_on_tablet hide_on_mobile\" style=\"height: 10px\"><\/div><div class=\"cz_gap show_on_tablet clr  show_only_tablet\" style=\"height: 10px\"><\/div><div class=\"cz_gap show_on_mobile clr\" style=\"height: 10px\"><\/div><div id=\"cz_27827\" class=\"cz_27827 cz_title clr cz_title_pos_inline\"><div class=\"cz_title_content\"><div class=\"cz_wpe_content\"><h5 style=\"text-align: left;\"><span style=\"color: #cfcfcf;\"><span style=\"color: #f28a19;\">GEBURTSTAG:<\/span> 10.01.2024<\/span><\/h5>\n<\/div><\/div><\/div><div class=\"cz_gap clr  hide_on_tablet hide_on_mobile\" style=\"height: 10px\"><\/div><div class=\"cz_gap show_on_tablet clr  show_only_tablet\" style=\"height: 10px\"><\/div><div class=\"cz_gap show_on_mobile clr\" style=\"height: 10px\"><\/div><div id=\"cz_46031\" class=\"cz_46031 cz_title clr cz_title_pos_inline\"><div class=\"cz_title_content\"><div class=\"cz_wpe_content\"><h5 style=\"text-align: left;\"><span style=\"color: #cfcfcf;\"><span style=\"color: #f28a19;\">Farbe:<\/span> Cream (BUR e)<\/span><\/h5>\n<\/div><\/div><\/div><div class=\"cz_gap clr  hide_on_tablet hide_on_mobile\" style=\"height: 10px\"><\/div><div class=\"cz_gap show_on_tablet clr  show_only_tablet\" style=\"height: 10px\"><\/div><div class=\"cz_gap show_on_mobile clr\" style=\"height: 10px\"><\/div><div id=\"cz_44806\" class=\"cz_44806 cz_title clr cz_title_pos_inline\"><div class=\"cz_title_content\"><div class=\"cz_wpe_content\"><h5><span style=\"color: #f28a19;\">KARRIERE:<\/span><\/h5>\n<\/div><\/div><\/div>[vc_column_text css=&#8220;&#8220;]<\/p>\n<ul>\n<li><span style=\"color: #cfcfcf;\">Best of Best 2 &#8211; 2 Mal<\/span><\/li>\n<li><span style=\"color: #cfcfcf;\">Best of Best 3 &#8211; 1 Mal<\/span><\/li>\n<li><span style=\"color: #cfcfcf;\">Best in Show (BIS) \u2013 6 Mal<\/span><\/li>\n<li><span style=\"color: #cfcfcf;\">Nomination for BIS &#8211; 9 Mal<\/span><\/li>\n<\/ul>\n<p>[\/vc_column_text][\/vc_column][\/vc_row][vc_row][vc_column]<div class=\"cz_gap clr  hide_on_tablet hide_on_mobile\" style=\"height: 80px\"><\/div><div class=\"cz_gap show_on_tablet clr  show_only_tablet\" style=\"height: 30px\"><\/div><div class=\"cz_gap show_on_mobile clr\" style=\"height: 30px\"><\/div>[\/vc_column][\/vc_row][vc_row gap=&#8220;35&#8243;][vc_column offset=&#8220;vc_col-lg-6&#8243;]<div id=\"cz_20956\" data-position=\"top-right\" class=\"cz_20956 cz_image clr cz_image_no_fx center_on_mobile\"><div class=\"cz_svg_bg\" ><div class=\"cz_image_in\"><div class=\"cz_main_image\"><img decoding=\"async\" width=\"1318\" height=\"1317\" src=\"https:\/\/burmese-cats.com\/wp-content\/uploads\/2025\/09\/Cookie.jpg\" class=\"attachment-full\" alt=\"Cookie\" srcset=\"https:\/\/burmese-cats.com\/wp-content\/uploads\/2025\/09\/Cookie.jpg 1318w, https:\/\/burmese-cats.com\/wp-content\/uploads\/2025\/09\/Cookie-300x300.jpg 300w, https:\/\/burmese-cats.com\/wp-content\/uploads\/2025\/09\/Cookie-1024x1024.jpg 1024w, https:\/\/burmese-cats.com\/wp-content\/uploads\/2025\/09\/Cookie-150x150.jpg 150w, https:\/\/burmese-cats.com\/wp-content\/uploads\/2025\/09\/Cookie-768x767.jpg 768w, https:\/\/burmese-cats.com\/wp-content\/uploads\/2025\/09\/Cookie-600x600.jpg 600w, https:\/\/burmese-cats.com\/wp-content\/uploads\/2025\/09\/Cookie-45x45.jpg 45w, https:\/\/burmese-cats.com\/wp-content\/uploads\/2025\/09\/Cookie-100x100.jpg 100w\" sizes=\"auto, (max-width: 1318px) 100vw, 1318px\" loading=\"lazy\" \/><\/div><\/div><\/div><\/div><div class=\"cz_gap clr  hide_on_tablet hide_on_mobile\" style=\"height: 0px\"><\/div><div class=\"cz_gap show_on_tablet clr  show_only_tablet\" style=\"height: 30px\"><\/div><div class=\"cz_gap show_on_mobile clr\" style=\"height: 30px\"><\/div>[\/vc_column][vc_column offset=&#8220;vc_col-lg-6&#8243;]<div class=\"cz_gap clr  hide_on_tablet hide_on_mobile\" style=\"height: 25px\"><\/div><div class=\"cz_gap show_on_tablet clr  show_only_tablet\" style=\"height: 0px\"><\/div><div class=\"cz_gap show_on_mobile clr\" style=\"height: 0px\"><\/div><div id=\"cz_74257\" class=\"cz_74257 cz_title clr cz_title_pos_inline\"><div class=\"cz_title_content\"><div class=\"cz_wpe_content\"><h4 style=\"text-align: left;\"><span style=\"color: #f28a19;\">Sabokah Cookie Fuddpukka<\/span><\/h4>\n<\/div><\/div><\/div><div class=\"cz_gap clr  hide_on_tablet hide_on_mobile\" style=\"height: 25px\"><\/div><div class=\"cz_gap show_on_tablet clr  show_only_tablet\" style=\"height: 15px\"><\/div><div class=\"cz_gap show_on_mobile clr\" style=\"height: 25px\"><\/div><div id=\"cz_35678\" class=\"cz_35678 cz_title clr cz_title_pos_inline\"><div class=\"cz_title_content\"><div class=\"cz_wpe_content\"><p class=\"p1\"><span class=\"s1\"><b>Sabokah Cookie Fuddpukka<\/b><\/span>, ein charmanter und harmonisch gebauter Burma-Kater aus Neuseeland, ist eine wertvolle Bereicherung f\u00fcr unser Zuchtprogramm. Geboren in der renommierten Sabokah-Zucht, bringt er einen ausgezeichneten Rassetyp, ein sanftes Wesen und ein starkes genetisches Fundament mit. Wir sind \u00fcberzeugt, dass Cookie den Genpool unserer Zucht mit gesunden und wundersch\u00f6nen K\u00e4tzchen bereichern wird und somit die Qualit\u00e4tstradition fortsetzt.<\/p>\n<\/div><\/div><\/div><div class=\"cz_gap clr  hide_on_tablet hide_on_mobile\" style=\"height: 25px\"><\/div><div class=\"cz_gap show_on_tablet clr  show_only_tablet\" style=\"height: 25px\"><\/div><div class=\"cz_gap show_on_mobile clr\" style=\"height: 25px\"><\/div><div id=\"cz_109906\" class=\"cz_109906 cz_title clr cz_title_pos_inline\"><div class=\"cz_title_content\"><div class=\"cz_wpe_content\"><h5 style=\"text-align: left;\"><span style=\"color: #cfcfcf;\"><span style=\"color: #f28a19;\">Titel:<\/span> Grand International Champion, Junior Winner (WCF)<\/span><\/h5>\n<\/div><\/div><\/div><div class=\"cz_gap clr  hide_on_tablet hide_on_mobile\" style=\"height: 10px\"><\/div><div class=\"cz_gap show_on_tablet clr  show_only_tablet\" style=\"height: 10px\"><\/div><div class=\"cz_gap show_on_mobile clr\" style=\"height: 10px\"><\/div><div id=\"cz_36954\" class=\"cz_36954 cz_title clr cz_title_pos_inline\"><div class=\"cz_title_content\"><div class=\"cz_wpe_content\"><h5 style=\"text-align: left;\"><span style=\"color: #cfcfcf;\"><span style=\"color: #f28a19;\">Farbe:<\/span> Chocolate (BUR <span style=\"text-transform: lowercase;\">b<\/span>)<\/span><\/h5>\n<\/div><\/div><\/div>[\/vc_column][\/vc_row]<\/p>\n<\/div>","protected":false},"excerpt":{"rendered":"<p>[vc_row css=&#8220;.vc_custom_1633459768267{margin-top: -30px !important;}&#8220;][vc_column][\/vc_column][\/vc_row][vc_row gap=&#8220;35&#8243; disable_element=&#8220;yes&#8220;][vc_column offset=&#8220;vc_col-lg-6&#8243;][\/vc_column][vc_column offset=&#8220;vc_col-lg-6&#8243;][vc_column_text] Mediterranean Winner \u2013 &#8230; <\/p>\n","protected":false},"author":1,"featured_media":0,"parent":0,"menu_order":0,"comment_status":"closed","ping_status":"closed","template":"","meta":{"footnotes":""},"class_list":["post-2236","page","type-page","status-publish","hentry"],"translation":{"provider":"WPGlobus","version":"3.0.2","language":"de","enabled_languages":["en","de","fr"],"languages":{"en":{"title":true,"content":true,"excerpt":false},"de":{"title":true,"content":true,"excerpt":false},"fr":{"title":true,"content":true,"excerpt":false}}},"_links":{"self":[{"href":"https:\/\/burmese-cats.com\/de\/wp-json\/wp\/v2\/pages\/2236","targetHints":{"allow":["GET"]}}],"collection":[{"href":"https:\/\/burmese-cats.com\/de\/wp-json\/wp\/v2\/pages"}],"about":[{"href":"https:\/\/burmese-cats.com\/de\/wp-json\/wp\/v2\/types\/page"}],"author":[{"embeddable":true,"href":"https:\/\/burmese-cats.com\/de\/wp-json\/wp\/v2\/users\/1"}],"replies":[{"embeddable":true,"href":"https:\/\/burmese-cats.com\/de\/wp-json\/wp\/v2\/comments?post=2236"}],"version-history":[{"count":17,"href":"https:\/\/burmese-cats.com\/de\/wp-json\/wp\/v2\/pages\/2236\/revisions"}],"predecessor-version":[{"id":8277,"href":"https:\/\/burmese-cats.com\/de\/wp-json\/wp\/v2\/pages\/2236\/revisions\/8277"}],"wp:attachment":[{"href":"https:\/\/burmese-cats.com\/de\/wp-json\/wp\/v2\/media?parent=2236"}],"curies":[{"name":"wp","href":"https:\/\/api.w.org\/{rel}","templated":true}]}}