{"id":2161,"date":"2017-06-10T08:25:52","date_gmt":"2017-06-10T08:25:52","guid":{"rendered":"http:\/\/xtratheme.combusiness-2\/?page_id=10"},"modified":"2025-07-27T19:39:26","modified_gmt":"2025-07-27T19:39:26","slug":"contact","status":"publish","type":"page","link":"https:\/\/burmese-cats.com\/de\/contact\/","title":{"rendered":"Kontakt"},"content":{"rendered":"<div class=\"wpb-content-wrapper\"><p>[vc_row css=&#8220;.vc_custom_1632695987818{padding-top: 70px !important;background-position: center !important;background-repeat: no-repeat !important;background-size: cover !important;border-radius: 20px !important;}&#8220;][vc_column width=&#8220;1\/2&#8243;]<div id=\"cz_110266\" class=\"cz_110266 cz_title clr cz_title_pos_inline\"><div class=\"cz_title_content\"><div class=\"cz_wpe_content\"><h3><span style=\"font-size: 36px;\">Nehmen Sie Kontakt mit uns auf<\/span><\/h3>\n<\/div><\/div><\/div><div class=\"cz_gap clr \" style=\"height: 20px\"><\/div>[vc_column_text]Wenn Sie an einem Burma-Kitten interessiert sind und\/oder Fragen haben, k\u00f6nnen Sie uns gerne \u00fcber das unten stehende Formular kontaktieren oder uns anrufen. Wir beantworten Ihnen gerne alle Ihre Fragen.<\/p>\n<p>Wir w\u00fcrden es sehr sch\u00e4tzen, wenn Sie uns ein paar Informationen \u00fcber sich selbst geben, wenn Sie uns kontaktieren &#8211; wie z.B. Ihren Wohnort, Informationen \u00fcber Ihre derzeitigen Haustiere (falls vorhanden) und Ihre Erfahrung mit Katzen.[\/vc_column_text]<div class=\"clr\"><ul id=\"cz_101894\" class=\"cz_101894 cz_stylish_list clr cz_sl_icon_hover_zoom_in\"><li class=\"clr\"><div class=\"cz_sl_icon\"><i class=\"fas fa-envelope mr10\"><\/i><\/div><div><span>info@burmese-cats.com<\/span><\/div><\/li><li class=\"clr\"><a href=\"https:\/\/api.whatsapp.com\/send?phone=+385981372867\" target=\"_blank\" rel=\"noopener\"><div class=\"cz_sl_icon\"><i class=\"fas fa-phone-square-alt mr10\"><\/i><\/div><div><span>Phone: +385 98 137 2867<\/span><\/div><\/a><\/li><li class=\"clr\"><a href=\"https:\/\/api.whatsapp.com\/send?phone=+385981372867\" target=\"_blank\" rel=\"noopener\"><div class=\"cz_sl_icon\"><i class=\"fa czico-013-whatsapp-logo mr10\"><\/i><\/div><div><span>Send Message on WhatsApp<\/span><\/div><\/a><\/li><\/ul><\/div><div class=\"cz_gap clr \" style=\"height: 50px\"><\/div><div id=\"cz_48796\" class=\"cz_48796 cz_social_icons cz_social clr cz_social_fx_0 tal cz_social_colored_bg_hover cz_tooltip cz_tooltip_up\"><a href=\"https:\/\/web.facebook.com\/royalesprit.burmese\" class=\"cz-facebook\" target=\"_blank\" rel=\"noopener noreferrer\" data-title=\"Facebook\" role=\"button\" tabindex=\"0\" aria-label=\"Facebook\"><i class=\"fa fa-facebook\"><\/i><\/a><a href=\"https:\/\/www.instagram.com\/royalesprit_burmese\/\" class=\"cz-instagram\" target=\"_blank\" rel=\"noopener noreferrer\" data-title=\"Instagram\" role=\"button\" tabindex=\"0\" aria-label=\"Instagram\"><i class=\"fa fa-instagram\"><\/i><\/a><\/div><div class=\"cz_gap clr \" style=\"height: 50px\"><\/div>[\/vc_column][vc_column width=&#8220;1\/2&#8243;]<div id=\"cz_63621\" class=\"cz_63621 cz_cf7 clr\"><div>\n<div class=\"wpcf7 no-js\" id=\"wpcf7-f5675-o1\" lang=\"en-US\" dir=\"ltr\" data-wpcf7-id=\"5675\">\n<div class=\"screen-reader-response\"><p role=\"status\" aria-live=\"polite\" aria-atomic=\"true\"><\/p> <ul><\/ul><\/div>\n<form action=\"\/de\/wp-json\/wp\/v2\/pages\/2161#wpcf7-f5675-o1\" method=\"post\" class=\"wpcf7-form init\" aria-label=\"Contact form\" novalidate=\"novalidate\" data-status=\"init\">\n<fieldset class=\"hidden-fields-container\"><input type=\"hidden\" name=\"_wpcf7\" value=\"5675\" \/><input type=\"hidden\" name=\"_wpcf7_version\" value=\"6.1.5\" \/><input type=\"hidden\" name=\"_wpcf7_locale\" value=\"en_US\" \/><input type=\"hidden\" name=\"_wpcf7_unit_tag\" value=\"wpcf7-f5675-o1\" \/><input type=\"hidden\" name=\"_wpcf7_container_post\" value=\"0\" \/><input type=\"hidden\" name=\"_wpcf7_posted_data_hash\" value=\"\" \/>\n<\/fieldset>\n<p><label> Ihr Name (*) <\/label><br \/>\n<span class=\"wpcf7-form-control-wrap\" data-name=\"your-name\"><input size=\"40\" maxlength=\"400\" class=\"wpcf7-form-control wpcf7-text wpcf7-validates-as-required\" aria-required=\"true\" aria-invalid=\"false\" value=\"\" type=\"text\" name=\"your-name\" \/><\/span>\n<\/p>\n<p><label> Ihre E-Mail (*) <\/label><br \/>\n<span class=\"wpcf7-form-control-wrap\" data-name=\"your-email\"><input size=\"40\" maxlength=\"400\" class=\"wpcf7-form-control wpcf7-email wpcf7-validates-as-required wpcf7-text wpcf7-validates-as-email\" aria-required=\"true\" aria-invalid=\"false\" value=\"\" type=\"email\" name=\"your-email\" \/><\/span>\n<\/p>\n<p><label> Telefonnummer (*) (bitte mit internationaler Vorwahl)<\/label><br \/>\n<span class=\"wpcf7-form-control-wrap\" data-name=\"your-phone\"><input size=\"40\" maxlength=\"400\" class=\"wpcf7-form-control wpcf7-text wpcf7-validates-as-required\" aria-required=\"true\" aria-invalid=\"false\" value=\"\" type=\"text\" name=\"your-phone\" \/><\/span>\n<\/p>\n<p><label> Diese Nummer verwenden f\u00fcr:<\/label><br \/>\n<span class=\"wpcf7-form-control-wrap\" data-name=\"whatsapp\"><span class=\"wpcf7-form-control wpcf7-checkbox\"><span class=\"wpcf7-list-item first last\"><input type=\"checkbox\" name=\"whatsapp[]\" value=\"WhatsApp\" \/><span class=\"wpcf7-list-item-label\">WhatsApp<\/span><\/span><\/span><\/span><br \/>\n<span class=\"wpcf7-form-control-wrap\" data-name=\"viber\"><span class=\"wpcf7-form-control wpcf7-checkbox\"><span class=\"wpcf7-list-item first last\"><input type=\"checkbox\" name=\"viber[]\" value=\"Viber\" \/><span class=\"wpcf7-list-item-label\">Viber<\/span><\/span><\/span><\/span><br \/>\n<span class=\"wpcf7-form-control-wrap\" data-name=\"telegram\"><span class=\"wpcf7-form-control wpcf7-checkbox\"><span class=\"wpcf7-list-item first last\"><input type=\"checkbox\" name=\"telegram[]\" value=\"Telegram\" \/><span class=\"wpcf7-list-item-label\">Telegram<\/span><\/span><\/span><\/span>\n<\/p>\n<p><label> Wohnsitzland (*) <\/label><br \/>\n<span class=\"wpcf7-form-control-wrap\" data-name=\"your-country\"><input size=\"40\" maxlength=\"400\" class=\"wpcf7-form-control wpcf7-text wpcf7-validates-as-required\" aria-required=\"true\" aria-invalid=\"false\" value=\"\" type=\"text\" name=\"your-country\" \/><\/span>\n<\/p>\n<p><label> Gew\u00fcnschtes Geschlecht des K\u00e4tzchens<\/label><br \/>\n<span class=\"wpcf7-form-control-wrap\" data-name=\"menu-178\"><select class=\"wpcf7-form-control wpcf7-select\" aria-invalid=\"false\" name=\"menu-178\"><option value=\"Keine Pr\u00e4ferenz\">Keine Pr\u00e4ferenz<\/option><option value=\"Ich bevorzuge ein m\u00e4nnliches K\u00e4tzchen\">Ich bevorzuge ein m\u00e4nnliches K\u00e4tzchen<\/option><option value=\"Ich bevorzuge ein weibliches K\u00e4tzchen\">Ich bevorzuge ein weibliches K\u00e4tzchen<\/option><\/select><\/span>\n<\/p>\n<p><label> Ihre Nachricht<\/label><br \/>\n<span class=\"wpcf7-form-control-wrap\" data-name=\"your-message\"><textarea cols=\"40\" rows=\"10\" maxlength=\"2000\" class=\"wpcf7-form-control wpcf7-textarea\" aria-invalid=\"false\" name=\"your-message\"><\/textarea><\/span>\n<\/p>\n<input class=\"wpcf7-form-control wpcf7-hidden\" id=\"relatedH1Input\" value=\"\" type=\"hidden\" name=\"related_h1\" \/>\n<p><input class=\"wpcf7-form-control wpcf7-submit has-spinner\" type=\"submit\" value=\"Absenden\" \/>\n<\/p><input type=\"hidden\" id=\"ct_checkjs_cf7_301ad0e3bd5cb1627a2044908a42fdc2\" name=\"ct_checkjs_cf7\" value=\"0\" \/><script >setTimeout(function(){var ct_input_name = \"ct_checkjs_cf7_301ad0e3bd5cb1627a2044908a42fdc2\";if (document.getElementById(ct_input_name) !== null) {var ct_input_value = document.getElementById(ct_input_name).value;document.getElementById(ct_input_name).value = document.getElementById(ct_input_name).value.replace(ct_input_value, '50348d454e86ca2080539d8dd897820438496d511a88489c2abe2ec9f4056bbe');}}, 1000);<\/script><input\n                    class=\"apbct_special_field apbct_email_id__wp_contact_form_7\"\n                    name=\"apbct__email_id__wp_contact_form_7\"\n                    aria-label=\"apbct__label_id__wp_contact_form_7\"\n                    type=\"text\" size=\"30\" maxlength=\"200\" autocomplete=\"off\"\n                    value=\"\"\n                \/><div class=\"wpcf7-response-output\" aria-hidden=\"true\"><\/div>\n<\/form>\n<\/div>\n<\/div><\/div><div class=\"cz_gap clr \" style=\"height: 60px\"><\/div>[\/vc_column][\/vc_row]<\/p>\n<\/div>","protected":false},"excerpt":{"rendered":"<p>[vc_row css=&#8220;.vc_custom_1632695987818{padding-top: 70px !important;background-position: center !important;background-repeat: no-repeat !important;background-size: cover !important;border-radius: 20px &#8230; <\/p>\n","protected":false},"author":1,"featured_media":0,"parent":0,"menu_order":0,"comment_status":"closed","ping_status":"closed","template":"","meta":{"footnotes":""},"class_list":["post-2161","page","type-page","status-publish","hentry"],"translation":{"provider":"WPGlobus","version":"3.0.2","language":"de","enabled_languages":["en","de","fr"],"languages":{"en":{"title":true,"content":true,"excerpt":false},"de":{"title":true,"content":true,"excerpt":false},"fr":{"title":false,"content":false,"excerpt":false}}},"_links":{"self":[{"href":"https:\/\/burmese-cats.com\/de\/wp-json\/wp\/v2\/pages\/2161","targetHints":{"allow":["GET"]}}],"collection":[{"href":"https:\/\/burmese-cats.com\/de\/wp-json\/wp\/v2\/pages"}],"about":[{"href":"https:\/\/burmese-cats.com\/de\/wp-json\/wp\/v2\/types\/page"}],"author":[{"embeddable":true,"href":"https:\/\/burmese-cats.com\/de\/wp-json\/wp\/v2\/users\/1"}],"replies":[{"embeddable":true,"href":"https:\/\/burmese-cats.com\/de\/wp-json\/wp\/v2\/comments?post=2161"}],"version-history":[{"count":2,"href":"https:\/\/burmese-cats.com\/de\/wp-json\/wp\/v2\/pages\/2161\/revisions"}],"predecessor-version":[{"id":7595,"href":"https:\/\/burmese-cats.com\/de\/wp-json\/wp\/v2\/pages\/2161\/revisions\/7595"}],"wp:attachment":[{"href":"https:\/\/burmese-cats.com\/de\/wp-json\/wp\/v2\/media?parent=2161"}],"curies":[{"name":"wp","href":"https:\/\/api.w.org\/{rel}","templated":true}]}}